{"id":5581,"date":"2020-12-07T15:37:53","date_gmt":"2020-12-07T14:37:53","guid":{"rendered":"http:\/\/lolinew.cloudfactory.it\/it\/?page_id=5581"},"modified":"2026-01-12T17:51:40","modified_gmt":"2026-01-12T16:51:40","slug":"lo-li-pharma-international","status":"publish","type":"page","link":"https:\/\/www.lolipharma.it\/it\/lo-li-pharma-international\/","title":{"rendered":"Lo.Li. Pharma International"},"content":{"rendered":"\n[et_pb_section fb_built=&#8221;1&#8243; module_class=&#8221;x-header-aree&#8221; _builder_version=&#8221;4.7.4&#8243; _module_preset=&#8221;default&#8221; background_image=&#8221;https:\/\/www.lolipharma.it\/it\/wp-content\/uploads\/2020\/12\/international.png&#8221;][et_pb_row _builder_version=&#8221;4.6.6&#8243; _module_preset=&#8221;default&#8221; max_width=&#8221;80%&#8221;][et_pb_column type=&#8221;4_4&#8243; _builder_version=&#8221;4.6.6&#8243; _module_preset=&#8221;default&#8221;][et_pb_text _builder_version=&#8221;4.7.4&#8243; _module_preset=&#8221;default&#8221;]<h1>Lo.Li. Pharma International<\/h1>[\/et_pb_text][\/et_pb_column][\/et_pb_row][\/et_pb_section][et_pb_section fb_built=&#8221;1&#8243; module_class=&#8221;x-header-breadcrumb&#8221; _builder_version=&#8221;4.6.6&#8243; _module_preset=&#8221;default&#8221; background_color=&#8221;#213d71&#8243; custom_margin=&#8221;0px||0px||false|false&#8221; custom_padding=&#8221;0px||0px||false|false&#8221;][et_pb_row module_class=&#8221;x-breadcrumb&#8221; _builder_version=&#8221;4.6.6&#8243; _module_preset=&#8221;default&#8221; max_width=&#8221;80%&#8221; custom_margin=&#8221;0px||0px||false|false&#8221; custom_padding=&#8221;5px||5px||false|false&#8221;][et_pb_column type=&#8221;4_4&#8243; _builder_version=&#8221;4.6.6&#8243; _module_preset=&#8221;default&#8221;][et_pb_text _builder_version=&#8221;4.7.4&#8243; _module_preset=&#8221;default&#8221; text_text_color=&#8221;#ffffff&#8221;]<span><span><a href=\"https:\/\/www.lolipharma.it\/it\/\">Home<\/a><\/span><\/span>[\/et_pb_text][\/et_pb_column][\/et_pb_row][\/et_pb_section][et_pb_section fb_built=&#8221;1&#8243; _builder_version=&#8221;4.6.6&#8243; _module_preset=&#8221;default&#8221;][et_pb_row column_structure=&#8221;1_2,1_2&#8243; use_custom_gutter=&#8221;on&#8221; gutter_width=&#8221;1&#8243; make_equal=&#8221;on&#8221; _builder_version=&#8221;4.6.6&#8243; _module_preset=&#8221;default&#8221; width=&#8221;90%&#8221; max_width=&#8221;90%&#8221;][et_pb_column type=&#8221;1_2&#8243; _builder_version=&#8221;4.6.6&#8243; _module_preset=&#8221;default&#8221; custom_css_main_element=&#8221;margin:auto;&#8221;][et_pb_text _builder_version=&#8221;4.7.4&#8243; _module_preset=&#8221;default&#8221; background_color=&#8221;#f9fafb&#8221; transform_scale_tablet=&#8221;&#8221; transform_scale_phone=&#8221;&#8221; transform_scale_last_edited=&#8221;on|desktop&#8221; transform_scale_linked=&#8221;off&#8221; transform_translate=&#8221;20%|0px&#8221; transform_translate_tablet=&#8221;0%|0px&#8221; transform_translate_phone=&#8221;&#8221; transform_translate_last_edited=&#8221;on|phone&#8221; transform_translate_linked=&#8221;off&#8221; transform_rotate_tablet=&#8221;&#8221; transform_rotate_phone=&#8221;&#8221; transform_rotate_last_edited=&#8221;on|desktop&#8221; transform_skew_tablet=&#8221;&#8221; transform_skew_phone=&#8221;&#8221; transform_skew_last_edited=&#8221;on|desktop&#8221; transform_origin=&#8221;0%|50%&#8221; transform_origin_tablet=&#8221;&#8221; transform_origin_phone=&#8221;&#8221; transform_origin_last_edited=&#8221;on|desktop&#8221; transform_styles_last_edited=&#8221;on|phone&#8221; z_index=&#8221;500&#8243; width=&#8221;100%&#8221; custom_margin=&#8221;||||false|false&#8221; custom_padding=&#8221;20px|40px|20px|40px|false|false&#8221; hover_enabled=&#8221;0&#8243; transform_styles_tablet=&#8221;&#8221; transform_styles_phone=&#8221;&#8221; sticky_enabled=&#8221;0&#8243;]<p><strong>Lo.Li.Pharma International<\/strong> \u00e8 l\u2019eco internazionale della realt\u00e0 Lo.Li.Pharma.<\/p>\n<p>Fondata nel 2012, il suo core-business \u00e8 la selezione dei migliori partners commerciali per distribuire i prodotti Lo.Li.Pharma a livello globale.<\/p>\n<p>Dalla stipula del contratto al prodotto finito, il team della Lo.Li.Pharma International segue passo passo i propri Clienti offrendo loro <strong>formazione scientifica, pianificazioni strategiche di marketing, supporto regolatorio e logistico.<\/strong><\/p>\n<p>Ad oggi<strong> i prodotti Lo.Li.Pharma sono distribuiti in pi\u00f9 di 70 paesi nel mondo.<\/strong><\/p>\n<p><a href=\"https:\/\/lolipharmainternational.com\/\" target=\"_blank\" rel=\"noopener noreferrer\">Scopri di pi\u00f9 &gt;&gt; <\/a><\/p>[\/et_pb_text][\/et_pb_column][et_pb_column type=&#8221;1_2&#8243; _builder_version=&#8221;4.6.6&#8243; _module_preset=&#8221;default&#8221; z_index=&#8221;1&#8243; custom_css_main_element=&#8221;margin:auto;\t\t&#8220;][et_pb_image src=&#8221;https:\/\/www.lolipharma.it\/it\/wp-content\/uploads\/2020\/12\/lo-li-pharma-international.jpg&#8221; title_text=&#8221;lo-li-pharma-international&#8221; _builder_version=&#8221;4.7.4&#8243; _module_preset=&#8221;default&#8221; z_index=&#8221;-500&#8243;][\/et_pb_image][\/et_pb_column][\/et_pb_row][\/et_pb_section][et_pb_section fb_built=&#8221;1&#8243; _builder_version=&#8221;4.7.4&#8243; _module_preset=&#8221;default&#8221;][et_pb_row _builder_version=&#8221;4.6.6&#8243; _module_preset=&#8221;default&#8221; max_width=&#8221;80%&#8221;][et_pb_column type=&#8221;4_4&#8243; _builder_version=&#8221;4.6.6&#8243; _module_preset=&#8221;default&#8221;][et_pb_text _builder_version=&#8221;4.6.6&#8243; _module_preset=&#8221;default&#8221;]<h2>Aree terapeutiche<\/h2>[\/et_pb_text][\/et_pb_column][\/et_pb_row][et_pb_row column_structure=&#8221;1_3,1_3,1_3&#8243; use_custom_gutter=&#8221;on&#8221; gutter_width=&#8221;4&#8243; _builder_version=&#8221;4.7.4&#8243; _module_preset=&#8221;default&#8221; max_width=&#8221;80%&#8221;][et_pb_column type=&#8221;1_3&#8243; _builder_version=&#8221;4.7.4&#8243; _module_preset=&#8221;default&#8221;][et_pb_blurb title=&#8221;Fertilit\u00e0 femminile&#8221; image=&#8221;https:\/\/www.lolipharma.it\/it\/wp-content\/uploads\/2020\/11\/fertilita-femminile-1.png&#8221; alt=&#8221;fertilit\u00e0 femminile&#8221; module_class=&#8221;x-blurb-aree-terapeutiche&#8221; _builder_version=&#8221;4.7.4&#8243; _module_preset=&#8221;default&#8221; background_color=&#8221;#8e2d77&#8243; link_option_url=&#8221;\/it\/fertilita-femminile\/&#8221;][\/et_pb_blurb][\/et_pb_column][et_pb_column type=&#8221;1_3&#8243; _builder_version=&#8221;4.7.4&#8243; _module_preset=&#8221;default&#8221;][et_pb_blurb title=&#8221;Ginecologia e ostetricia&#8221; image=&#8221;https:\/\/www.lolipharma.it\/it\/wp-content\/uploads\/2020\/11\/ginecologia-ostetricia.png&#8221; alt=&#8221;fertilit\u00e0 femminile&#8221; module_class=&#8221;x-blurb-aree-terapeutiche&#8221; _builder_version=&#8221;4.7.4&#8243; _module_preset=&#8221;default&#8221; background_color=&#8221;#d07cb1&#8243; link_option_url=&#8221;\/it\/ginecologia-ostetricia\/&#8221;][\/et_pb_blurb][\/et_pb_column][et_pb_column type=&#8221;1_3&#8243; _builder_version=&#8221;4.7.4&#8243; _module_preset=&#8221;default&#8221;][et_pb_blurb title=&#8221;Andrologia e fertilit\u00e0 maschille&#8221; image=&#8221;https:\/\/www.lolipharma.it\/it\/wp-content\/uploads\/2020\/11\/andrologia-fertilita-maschile.png&#8221; module_class=&#8221;x-blurb-aree-terapeutiche&#8221; _builder_version=&#8221;4.7.4&#8243; _module_preset=&#8221;default&#8221; background_color=&#8221;#00a3b8&#8243; link_option_url=&#8221;\/it\/andrologia-fertilita-maschile\/&#8221;][\/et_pb_blurb][\/et_pb_column][\/et_pb_row][et_pb_row column_structure=&#8221;1_3,1_3,1_3&#8243; use_custom_gutter=&#8221;on&#8221; gutter_width=&#8221;4&#8243; _builder_version=&#8221;4.7.4&#8243; _module_preset=&#8221;default&#8221; max_width=&#8221;80%&#8221;][et_pb_column type=&#8221;1_3&#8243; _builder_version=&#8221;4.7.4&#8243; _module_preset=&#8221;default&#8221;][et_pb_blurb title=&#8221;Endocrinologia&#8221; image=&#8221;https:\/\/www.lolipharma.it\/it\/wp-content\/uploads\/2020\/11\/endocriologia.png&#8221; module_class=&#8221;x-blurb-aree-terapeutiche&#8221; _builder_version=&#8221;4.7.4&#8243; _module_preset=&#8221;default&#8221; background_color=&#8221;#c5d205&#8243; link_option_url=&#8221;\/it\/endocrinologia\/&#8221;][\/et_pb_blurb][\/et_pb_column][et_pb_column type=&#8221;1_3&#8243; _builder_version=&#8221;4.7.4&#8243; _module_preset=&#8221;default&#8221;][et_pb_blurb title=&#8221;Urologia&#8221; image=&#8221;https:\/\/www.lolipharma.it\/it\/wp-content\/uploads\/2020\/11\/urologia.png&#8221; module_class=&#8221;x-blurb-aree-terapeutiche&#8221; _builder_version=&#8221;4.7.4&#8243; _module_preset=&#8221;default&#8221; background_color=&#8221;#fcc124&#8243; link_option_url=&#8221;\/it\/urologia\/&#8221;][\/et_pb_blurb][\/et_pb_column][et_pb_column type=&#8221;1_3&#8243; _builder_version=&#8221;4.7.4&#8243; _module_preset=&#8221;default&#8221;][\/et_pb_column][\/et_pb_row][\/et_pb_section][et_pb_section fb_built=&#8221;1&#8243; _builder_version=&#8221;4.6.6&#8243; _module_preset=&#8221;default&#8221; custom_padding=&#8221;||0px|||&#8221;][et_pb_row _builder_version=&#8221;4.6.6&#8243; _module_preset=&#8221;default&#8221; width=&#8221;100%&#8221; max_width=&#8221;100%&#8221;][et_pb_column type=&#8221;4_4&#8243; _builder_version=&#8221;4.6.6&#8243; _module_preset=&#8221;default&#8221;][et_pb_divider color=&#8221;#000000&#8243; _builder_version=&#8221;4.6.6&#8243; _module_preset=&#8221;default&#8221; width=&#8221;100%&#8221; max_width=&#8221;100%&#8221;][\/et_pb_divider][\/et_pb_column][\/et_pb_row][\/et_pb_section][et_pb_section fb_built=&#8221;1&#8243; _builder_version=&#8221;4.6.6&#8243; _module_preset=&#8221;default&#8221;][et_pb_row _builder_version=&#8221;4.6.6&#8243; _module_preset=&#8221;default&#8221; max_width=&#8221;80%&#8221;][et_pb_column type=&#8221;4_4&#8243; _builder_version=&#8221;4.6.6&#8243; _module_preset=&#8221;default&#8221;][et_pb_text _builder_version=&#8221;4.6.6&#8243; _module_preset=&#8221;default&#8221;]<h2>Articoli in evidenza<\/h2>[\/et_pb_text][et_pb_blog fullwidth=&#8221;off&#8221; posts_number=&#8221;3&#8243; include_categories=&#8221;6&#8243; show_author=&#8221;off&#8221; show_date=&#8221;off&#8221; show_categories=&#8221;off&#8221; show_pagination=&#8221;off&#8221; _builder_version=&#8221;4.6.6&#8243; _module_preset=&#8221;default&#8221;][\/et_pb_blog][\/et_pb_column][\/et_pb_row][\/et_pb_section]\n","protected":false},"excerpt":{"rendered":"<p>Lo.Li. Pharma International<span><span><a href=\"https:\/\/www.lolipharma.it\/it\/\">Home<\/a><\/span><\/span>Lo.Li.Pharma International \u00e8 l\u2019eco internazionale della realt\u00e0 Lo.Li.Pharma. Fondata nel 2012, il suo core-business \u00e8 la selezione dei migliori partners commerciali per distribuire i prodotti Lo.Li.Pharma a livello globale. Dalla stipula del contratto al prodotto finito, il team della Lo.Li.Pharma International segue passo passo i propri Clienti offrendo loro formazione scientifica, pianificazioni strategiche [&hellip;]<\/p>\n","protected":false},"author":1,"featured_media":0,"parent":0,"menu_order":0,"comment_status":"closed","ping_status":"closed","template":"","meta":{"_acf_changed":false,"_et_pb_use_builder":"on","_et_pb_old_content":"<!-- wp:paragraph -->\n<p>Questa \u00e8 una pagina di esempio. Differisce da un articolo di un blog perch\u00e9 rimane sempre allo stesso posto e (in molti temi) appare nel menu di navigazione. Molte persone iniziano con una pagina di Informazioni che li presentano ai visitatori del sito. Potrebbe apparire una presentazione del tipo:<\/p>\n<!-- \/wp:paragraph -->\n\n<!-- wp:quote -->\n<blockquote class=\"wp-block-quote\"><p>Ciao! Sono un fattorino ciclista di giorno, aspirante attore di notte e questo \u00e8 il mio sito web. Vivo a Los Angeles, ho un grande cane di nome Jack e mi piace la pi\u00f1a colada. (E prendere la pioggia)<\/p><\/blockquote>\n<!-- \/wp:quote -->\n\n<!-- wp:paragraph -->\n<p>...o qualcosa di simile:<\/p>\n<!-- \/wp:paragraph -->\n\n<!-- wp:quote -->\n<blockquote class=\"wp-block-quote\"><p>La Societ\u00e0 XYZ Aggeggi \u00e8 stata fondata nel 1971 e da allora fornisce al pubblico aggeggi di ottima qualit\u00e0. Situata a Fantasilandia, XYZ impiega oltre 2.000 persone e realizza ogni sorta di aggeggio fantastico per la comunit\u00e0 di Fantasilandia.<\/p><\/blockquote>\n<!-- \/wp:quote -->\n\n<!-- wp:paragraph -->\n<p>Come nuovo utente di WordPress, dovresti andare nella tua <a href=\"http:\/\/lolinew.cloudfactory.it\/wp-admin\/\">Bacheca<\/a> per eliminare questa pagina, e crearne delle nuove per i tuoi contenuti. Divertiti!<\/p>\n<!-- \/wp:paragraph -->","_et_gb_content_width":"","footnotes":""},"class_list":["post-5581","page","type-page","status-publish","hentry"],"acf":[],"yoast_head":"<!-- This site is optimized with the Yoast SEO plugin v25.6 - https:\/\/yoast.com\/wordpress\/plugins\/seo\/ -->\n<title>Lo.Li. Pharma International - Lo.Li. Pharma<\/title>\n<meta name=\"description\" content=\"Lo.Li.Pharma International \u00e8 l\u2019eco internazionale della realt\u00e0 Lo.Li.Pharma.Fondata nel 2012, il suo core-business \u00e8 la selezione dei migliori partners commerciali per distribuire i prodotti LO.LI.Pharma a livello globale.\" \/>\n<meta name=\"robots\" content=\"noindex, follow\" \/>\n<meta property=\"og:locale\" content=\"it_IT\" \/>\n<meta property=\"og:type\" content=\"article\" \/>\n<meta property=\"og:title\" content=\"Lo.Li. Pharma International - Lo.Li. Pharma\" \/>\n<meta property=\"og:description\" content=\"Lo.Li.Pharma International \u00e8 l\u2019eco internazionale della realt\u00e0 Lo.Li.Pharma.Fondata nel 2012, il suo core-business \u00e8 la selezione dei migliori partners commerciali per distribuire i prodotti LO.LI.Pharma a livello globale.\" \/>\n<meta property=\"og:url\" content=\"https:\/\/www.lolipharma.it\/it\/lo-li-pharma-international\/\" \/>\n<meta property=\"og:site_name\" content=\"Lo.Li. Pharma\" \/>\n<meta property=\"article:modified_time\" content=\"2026-01-12T16:51:40+00:00\" \/>\n<meta name=\"twitter:card\" content=\"summary_large_image\" \/>\n<meta name=\"twitter:label1\" content=\"Tempo di lettura stimato\" \/>\n\t<meta name=\"twitter:data1\" content=\"3 minuti\" \/>\n<script type=\"application\/ld+json\" class=\"yoast-schema-graph\">{\"@context\":\"https:\/\/schema.org\",\"@graph\":[{\"@type\":\"WebPage\",\"@id\":\"https:\/\/www.lolipharma.it\/it\/lo-li-pharma-international\/\",\"url\":\"https:\/\/www.lolipharma.it\/it\/lo-li-pharma-international\/\",\"name\":\"Lo.Li. Pharma International - Lo.Li. Pharma\",\"isPartOf\":{\"@id\":\"https:\/\/www.lolipharma.it\/it\/#website\"},\"datePublished\":\"2020-12-07T14:37:53+00:00\",\"dateModified\":\"2026-01-12T16:51:40+00:00\",\"description\":\"Lo.Li.Pharma International \u00e8 l\u2019eco internazionale della realt\u00e0 Lo.Li.Pharma.Fondata nel 2012, il suo core-business \u00e8 la selezione dei migliori partners commerciali per distribuire i prodotti LO.LI.Pharma a livello globale.\",\"breadcrumb\":{\"@id\":\"https:\/\/www.lolipharma.it\/it\/lo-li-pharma-international\/#breadcrumb\"},\"inLanguage\":\"it-IT\",\"potentialAction\":[{\"@type\":\"ReadAction\",\"target\":[\"https:\/\/www.lolipharma.it\/it\/lo-li-pharma-international\/\"]}]},{\"@type\":\"BreadcrumbList\",\"@id\":\"https:\/\/www.lolipharma.it\/it\/lo-li-pharma-international\/#breadcrumb\",\"itemListElement\":[{\"@type\":\"ListItem\",\"position\":1,\"name\":\"Home\",\"item\":\"https:\/\/www.lolipharma.it\/it\/\"},{\"@type\":\"ListItem\",\"position\":2,\"name\":\"Lo.Li. Pharma International\"}]},{\"@type\":\"WebSite\",\"@id\":\"https:\/\/www.lolipharma.it\/it\/#website\",\"url\":\"https:\/\/www.lolipharma.it\/it\/\",\"name\":\"Lo.Li. Pharma\",\"description\":\"Dispositivi Medici e Integratori alimentari\",\"potentialAction\":[{\"@type\":\"SearchAction\",\"target\":{\"@type\":\"EntryPoint\",\"urlTemplate\":\"https:\/\/www.lolipharma.it\/it\/?s={search_term_string}\"},\"query-input\":{\"@type\":\"PropertyValueSpecification\",\"valueRequired\":true,\"valueName\":\"search_term_string\"}}],\"inLanguage\":\"it-IT\"}]}<\/script>\n<!-- \/ Yoast SEO plugin. -->","yoast_head_json":{"title":"Lo.Li. Pharma International - Lo.Li. Pharma","description":"Lo.Li.Pharma International \u00e8 l\u2019eco internazionale della realt\u00e0 Lo.Li.Pharma.Fondata nel 2012, il suo core-business \u00e8 la selezione dei migliori partners commerciali per distribuire i prodotti LO.LI.Pharma a livello globale.","robots":{"index":"noindex","follow":"follow"},"og_locale":"it_IT","og_type":"article","og_title":"Lo.Li. Pharma International - Lo.Li. Pharma","og_description":"Lo.Li.Pharma International \u00e8 l\u2019eco internazionale della realt\u00e0 Lo.Li.Pharma.Fondata nel 2012, il suo core-business \u00e8 la selezione dei migliori partners commerciali per distribuire i prodotti LO.LI.Pharma a livello globale.","og_url":"https:\/\/www.lolipharma.it\/it\/lo-li-pharma-international\/","og_site_name":"Lo.Li. Pharma","article_modified_time":"2026-01-12T16:51:40+00:00","twitter_card":"summary_large_image","twitter_misc":{"Tempo di lettura stimato":"3 minuti"},"schema":{"@context":"https:\/\/schema.org","@graph":[{"@type":"WebPage","@id":"https:\/\/www.lolipharma.it\/it\/lo-li-pharma-international\/","url":"https:\/\/www.lolipharma.it\/it\/lo-li-pharma-international\/","name":"Lo.Li. Pharma International - Lo.Li. Pharma","isPartOf":{"@id":"https:\/\/www.lolipharma.it\/it\/#website"},"datePublished":"2020-12-07T14:37:53+00:00","dateModified":"2026-01-12T16:51:40+00:00","description":"Lo.Li.Pharma International \u00e8 l\u2019eco internazionale della realt\u00e0 Lo.Li.Pharma.Fondata nel 2012, il suo core-business \u00e8 la selezione dei migliori partners commerciali per distribuire i prodotti LO.LI.Pharma a livello globale.","breadcrumb":{"@id":"https:\/\/www.lolipharma.it\/it\/lo-li-pharma-international\/#breadcrumb"},"inLanguage":"it-IT","potentialAction":[{"@type":"ReadAction","target":["https:\/\/www.lolipharma.it\/it\/lo-li-pharma-international\/"]}]},{"@type":"BreadcrumbList","@id":"https:\/\/www.lolipharma.it\/it\/lo-li-pharma-international\/#breadcrumb","itemListElement":[{"@type":"ListItem","position":1,"name":"Home","item":"https:\/\/www.lolipharma.it\/it\/"},{"@type":"ListItem","position":2,"name":"Lo.Li. Pharma International"}]},{"@type":"WebSite","@id":"https:\/\/www.lolipharma.it\/it\/#website","url":"https:\/\/www.lolipharma.it\/it\/","name":"Lo.Li. Pharma","description":"Dispositivi Medici e Integratori alimentari","potentialAction":[{"@type":"SearchAction","target":{"@type":"EntryPoint","urlTemplate":"https:\/\/www.lolipharma.it\/it\/?s={search_term_string}"},"query-input":{"@type":"PropertyValueSpecification","valueRequired":true,"valueName":"search_term_string"}}],"inLanguage":"it-IT"}]}},"_links":{"self":[{"href":"https:\/\/www.lolipharma.it\/it\/wp-json\/wp\/v2\/pages\/5581","targetHints":{"allow":["GET"]}}],"collection":[{"href":"https:\/\/www.lolipharma.it\/it\/wp-json\/wp\/v2\/pages"}],"about":[{"href":"https:\/\/www.lolipharma.it\/it\/wp-json\/wp\/v2\/types\/page"}],"author":[{"embeddable":true,"href":"https:\/\/www.lolipharma.it\/it\/wp-json\/wp\/v2\/users\/1"}],"replies":[{"embeddable":true,"href":"https:\/\/www.lolipharma.it\/it\/wp-json\/wp\/v2\/comments?post=5581"}],"version-history":[{"count":8,"href":"https:\/\/www.lolipharma.it\/it\/wp-json\/wp\/v2\/pages\/5581\/revisions"}],"predecessor-version":[{"id":51744,"href":"https:\/\/www.lolipharma.it\/it\/wp-json\/wp\/v2\/pages\/5581\/revisions\/51744"}],"wp:attachment":[{"href":"https:\/\/www.lolipharma.it\/it\/wp-json\/wp\/v2\/media?parent=5581"}],"curies":[{"name":"wp","href":"https:\/\/api.w.org\/{rel}","templated":true}]}}