{"id":25,"date":"2020-11-11T16:37:52","date_gmt":"2020-11-11T15:37:52","guid":{"rendered":"http:\/\/lolipharma.cloudfactory.it\/?page_id=25"},"modified":"2026-01-16T11:49:43","modified_gmt":"2026-01-16T10:49:43","slug":"fertilita-femminile","status":"publish","type":"page","link":"https:\/\/www.lolipharma.it\/it\/fertilita-femminile\/","title":{"rendered":"Fertilit\u00e0 femminile"},"content":{"rendered":"<p>[et_pb_section fb_built=&#8221;1&#8243; _builder_version=&#8221;4.16&#8243; _module_preset=&#8221;default&#8221; background_image=&#8221;https:\/\/www.lolipharma.it\/it\/wp-content\/uploads\/2020\/11\/fertilita-femminile-3.jpg&#8221; global_colors_info=&#8221;{}&#8221;][et_pb_row _builder_version=&#8221;4.16&#8243; _module_preset=&#8221;default&#8221; max_width=&#8221;80%&#8221; global_colors_info=&#8221;{}&#8221;][et_pb_column type=&#8221;4_4&#8243; _builder_version=&#8221;4.16&#8243; _module_preset=&#8221;default&#8221; global_colors_info=&#8221;{}&#8221;][et_pb_text _builder_version=&#8221;4.16&#8243; _module_preset=&#8221;default&#8221; global_colors_info=&#8221;{}&#8221;]<\/p>\n<h1>Fertilit\u00e0 femminile<\/h1>\n<p>[\/et_pb_text][\/et_pb_column][\/et_pb_row][\/et_pb_section][et_pb_section fb_built=&#8221;1&#8243; module_class=&#8221;x-breadcrumb&#8221; _builder_version=&#8221;4.16&#8243; _module_preset=&#8221;default&#8221; background_color=&#8221;#8e2d77&#8243; custom_margin=&#8221;0px||0px||false|false&#8221; custom_padding=&#8221;0px||0px||false|false&#8221; global_colors_info=&#8221;{}&#8221;][et_pb_row _builder_version=&#8221;4.16&#8243; _module_preset=&#8221;default&#8221; max_width=&#8221;80%&#8221; custom_margin=&#8221;0px||0px||false|false&#8221; custom_padding=&#8221;5px||5px||false|false&#8221; global_colors_info=&#8221;{}&#8221;][et_pb_column type=&#8221;4_4&#8243; _builder_version=&#8221;4.16&#8243; _module_preset=&#8221;default&#8221; global_colors_info=&#8221;{}&#8221;][et_pb_text module_class=&#8221;x-breadcrumb&#8221; _builder_version=&#8221;4.16&#8243; _module_preset=&#8221;default&#8221; text_text_color=&#8221;#ffffff&#8221; global_colors_info=&#8221;{}&#8221;]<span><span><a href=\"https:\/\/www.lolipharma.it\/it\/\">Home<\/a><\/span><\/span>[\/et_pb_text][\/et_pb_column][\/et_pb_row][\/et_pb_section][et_pb_section fb_built=&#8221;1&#8243; _builder_version=&#8221;4.16&#8243; _module_preset=&#8221;default&#8221; background_color=&#8221;#f9fafb&#8221; global_colors_info=&#8221;{}&#8221;][et_pb_row column_structure=&#8221;1_4,3_4&#8243; use_custom_gutter=&#8221;on&#8221; gutter_width=&#8221;1&#8243; _builder_version=&#8221;4.16&#8243; _module_preset=&#8221;default&#8221; max_width=&#8221;80%&#8221; global_colors_info=&#8221;{}&#8221;][et_pb_column type=&#8221;1_4&#8243; _builder_version=&#8221;4.16&#8243; _module_preset=&#8221;default&#8221; global_colors_info=&#8221;{}&#8221;][et_pb_image src=&#8221;https:\/\/www.lolipharma.it\/it\/wp-content\/uploads\/2020\/11\/fertilita-femminile-trasparente-1.png&#8221; alt=&#8221;fertilit\u00e0 femminile&#8221; title_text=&#8221;fertilita-femminile-trasparente&#8221; align=&#8221;right&#8221; _builder_version=&#8221;4.16&#8243; _module_preset=&#8221;default&#8221; width=&#8221;180px&#8221; max_height=&#8221;180px&#8221; custom_margin=&#8221;-30px||||false|false&#8221; custom_padding=&#8221;|40px|||false|false&#8221; global_colors_info=&#8221;{}&#8221;][\/et_pb_image][\/et_pb_column][et_pb_column type=&#8221;3_4&#8243; _builder_version=&#8221;4.16&#8243; _module_preset=&#8221;default&#8221; global_colors_info=&#8221;{}&#8221;][et_pb_text _builder_version=&#8221;4.16&#8243; _module_preset=&#8221;default&#8221; global_colors_info=&#8221;{}&#8221;]<\/p>\n<p>Secondo i dati dell\u2019ISS, l\u2019infertilit\u00e0 riguarda circa il 15% delle coppie e l\u2019origine del problema si fa risalire alla donna in circa il 35- 40% dei casi. Alterazioni dell&#8217;ovulazione, di frequente riconducibili alla sindrome dell&#8217;ovaio policistico, ma anche fattori di rischio come l&#8217;et\u00e0 avanzata, stile di vita non sano e l&#8217;obesit\u00e0 sono alla base del problema.<\/p>\n<p>L&#8217;eccesso di peso limita altres\u00ec le probabilit\u00e0 di concepimento sia naturale che attraverso la procreazione medicalmente assistita (PMA). Oltre al danno psicologico che colpisce la coppia che non riesce ad avere figli, l&#8217;infertilit\u00e0 ha costi sociali elevatissimi, creando un vero e proprio squilibrio nell&#8217;et\u00e0 della popolazione.<\/p>\n<p>La nostra ricerca costante \u00e8 il nostro impegno a dare delle risposte efficaci a questo problema individuale e sociale.<\/p>\n<p>[\/et_pb_text][\/et_pb_column][\/et_pb_row][\/et_pb_section][et_pb_section fb_built=&#8221;1&#8243; _builder_version=&#8221;4.16&#8243; _module_preset=&#8221;default&#8221; global_colors_info=&#8221;{}&#8221;][et_pb_row _builder_version=&#8221;4.16&#8243; _module_preset=&#8221;default&#8221; max_width=&#8221;80%&#8221; global_colors_info=&#8221;{}&#8221;][et_pb_column type=&#8221;4_4&#8243; _builder_version=&#8221;4.16&#8243; _module_preset=&#8221;default&#8221; global_colors_info=&#8221;{}&#8221;][et_pb_text _builder_version=&#8221;4.16&#8243; _module_preset=&#8221;default&#8221; global_colors_info=&#8221;{}&#8221;]<\/p>\n<h2>Altre aree terapeutiche<\/h2>\n<p>[\/et_pb_text][\/et_pb_column][\/et_pb_row][et_pb_row column_structure=&#8221;1_3,1_3,1_3&#8243; use_custom_gutter=&#8221;on&#8221; gutter_width=&#8221;4&#8243; _builder_version=&#8221;4.16&#8243; _module_preset=&#8221;default&#8221; max_width=&#8221;80%&#8221; global_colors_info=&#8221;{}&#8221;][et_pb_column type=&#8221;1_3&#8243; _builder_version=&#8221;4.16&#8243; _module_preset=&#8221;default&#8221; global_colors_info=&#8221;{}&#8221;][et_pb_blurb title=&#8221;Ginecologia e ostetricia&#8221; image=&#8221;https:\/\/www.lolipharma.it\/it\/wp-content\/uploads\/2020\/11\/ginecologia-ostetricia.png&#8221; alt=&#8221;fertilit\u00e0 femminile&#8221; module_class=&#8221;x-blurb-aree-terapeutiche&#8221; _builder_version=&#8221;4.16&#8243; _module_preset=&#8221;default&#8221; background_color=&#8221;#d07cb1&#8243; link_option_url=&#8221;\/it\/ginecologia-ostetricia\/&#8221; global_colors_info=&#8221;{}&#8221;][\/et_pb_blurb][\/et_pb_column][et_pb_column type=&#8221;1_3&#8243; _builder_version=&#8221;4.16&#8243; _module_preset=&#8221;default&#8221; global_colors_info=&#8221;{}&#8221;][et_pb_blurb title=&#8221;Andrologia e fertilit\u00e0 maschille&#8221; image=&#8221;https:\/\/www.lolipharma.it\/it\/wp-content\/uploads\/2020\/11\/andrologia-fertilita-maschile.png&#8221; module_class=&#8221;x-blurb-aree-terapeutiche&#8221; _builder_version=&#8221;4.16&#8243; _module_preset=&#8221;default&#8221; background_color=&#8221;#00a3b8&#8243; link_option_url=&#8221;\/it\/andrologia-fertilita-maschile\/&#8221; global_colors_info=&#8221;{}&#8221;][\/et_pb_blurb][\/et_pb_column][et_pb_column type=&#8221;1_3&#8243; _builder_version=&#8221;4.16&#8243; _module_preset=&#8221;default&#8221; global_colors_info=&#8221;{}&#8221;][et_pb_blurb title=&#8221;Endocrinologia&#8221; image=&#8221;https:\/\/www.lolipharma.it\/it\/wp-content\/uploads\/2020\/11\/endocriologia.png&#8221; module_class=&#8221;x-blurb-aree-terapeutiche&#8221; _builder_version=&#8221;4.16&#8243; _module_preset=&#8221;default&#8221; background_color=&#8221;#c5d205&#8243; link_option_url=&#8221;\/it\/endocrinologia\/&#8221; global_colors_info=&#8221;{}&#8221;][\/et_pb_blurb][\/et_pb_column][\/et_pb_row][et_pb_row column_structure=&#8221;1_3,1_3,1_3&#8243; use_custom_gutter=&#8221;on&#8221; gutter_width=&#8221;4&#8243; _builder_version=&#8221;4.16&#8243; _module_preset=&#8221;default&#8221; max_width=&#8221;80%&#8221; global_colors_info=&#8221;{}&#8221;][et_pb_column type=&#8221;1_3&#8243; _builder_version=&#8221;4.16&#8243; _module_preset=&#8221;default&#8221; global_colors_info=&#8221;{}&#8221;][et_pb_blurb title=&#8221;Urologia&#8221; image=&#8221;https:\/\/www.lolipharma.it\/it\/wp-content\/uploads\/2020\/11\/urologia.png&#8221; module_class=&#8221;x-blurb-aree-terapeutiche&#8221; _builder_version=&#8221;4.16&#8243; _module_preset=&#8221;default&#8221; background_color=&#8221;#fcc124&#8243; link_option_url=&#8221;\/it\/urologia\/&#8221; global_colors_info=&#8221;{}&#8221;][\/et_pb_blurb][\/et_pb_column][et_pb_column type=&#8221;1_3&#8243; _builder_version=&#8221;4.16&#8243; _module_preset=&#8221;default&#8221; global_colors_info=&#8221;{}&#8221;][et_pb_blurb title=&#8221;Respiratorio&#8221; image=&#8221;https:\/\/www.lolipharma.it\/it\/wp-content\/uploads\/2026\/01\/Icona_respiratorio.jpg&#8221; module_class=&#8221;x-blurb-aree-terapeutiche&#8221; _builder_version=&#8221;4.27.4&#8243; _module_preset=&#8221;default&#8221; background_color=&#8221;#1d699d&#8221; link_option_url=&#8221;\/it\/respiratorio\/&#8221; hover_enabled=&#8221;0&#8243; global_colors_info=&#8221;{}&#8221; title_text=&#8221;Icona_respiratorio&#8221; sticky_enabled=&#8221;0&#8243;][\/et_pb_blurb][\/et_pb_column][et_pb_column type=&#8221;1_3&#8243; _builder_version=&#8221;4.16&#8243; _module_preset=&#8221;default&#8221; global_colors_info=&#8221;{}&#8221;][\/et_pb_column][\/et_pb_row][\/et_pb_section][et_pb_section fb_built=&#8221;1&#8243; _builder_version=&#8221;4.16&#8243; _module_preset=&#8221;default&#8221; custom_padding=&#8221;||0px|||&#8221; global_colors_info=&#8221;{}&#8221;][et_pb_row _builder_version=&#8221;4.16&#8243; _module_preset=&#8221;default&#8221; width=&#8221;100%&#8221; max_width=&#8221;100%&#8221; global_colors_info=&#8221;{}&#8221;][et_pb_column type=&#8221;4_4&#8243; _builder_version=&#8221;4.16&#8243; _module_preset=&#8221;default&#8221; global_colors_info=&#8221;{}&#8221;][et_pb_divider color=&#8221;#000000&#8243; _builder_version=&#8221;4.16&#8243; _module_preset=&#8221;default&#8221; width=&#8221;100%&#8221; max_width=&#8221;100%&#8221; global_colors_info=&#8221;{}&#8221;][\/et_pb_divider][\/et_pb_column][\/et_pb_row][\/et_pb_section][et_pb_section fb_built=&#8221;1&#8243; _builder_version=&#8221;4.16&#8243; _module_preset=&#8221;default&#8221; global_colors_info=&#8221;{}&#8221;][et_pb_row _builder_version=&#8221;4.16&#8243; _module_preset=&#8221;default&#8221; max_width=&#8221;80%&#8221; global_colors_info=&#8221;{}&#8221;][et_pb_column type=&#8221;4_4&#8243; _builder_version=&#8221;4.16&#8243; _module_preset=&#8221;default&#8221; global_colors_info=&#8221;{}&#8221;][et_pb_text _builder_version=&#8221;4.16&#8243; _module_preset=&#8221;default&#8221; global_colors_info=&#8221;{}&#8221;]<\/p>\n<h2>Articoli in evidenza<\/h2>\n<p>[\/et_pb_text][et_pb_blog fullwidth=&#8221;off&#8221; posts_number=&#8221;3&#8243; include_categories=&#8221;6&#8243; show_author=&#8221;off&#8221; show_date=&#8221;off&#8221; show_categories=&#8221;off&#8221; show_pagination=&#8221;off&#8221; _builder_version=&#8221;4.16&#8243; _module_preset=&#8221;default&#8221; global_colors_info=&#8221;{}&#8221;][\/et_pb_blog][\/et_pb_column][\/et_pb_row][\/et_pb_section]<\/p>\n","protected":false},"excerpt":{"rendered":"<p>Fertilit\u00e0 femminile<span><span><a href=\"https:\/\/www.lolipharma.it\/it\/\">Home<\/a><\/span><\/span>Secondo i dati dell\u2019ISS, l\u2019infertilit\u00e0 riguarda circa il 15% delle coppie e l\u2019origine del problema si fa risalire alla donna in circa il 35- 40% dei casi. Alterazioni dell&#8217;ovulazione, di frequente riconducibili alla sindrome dell&#8217;ovaio policistico, ma anche fattori di rischio come l&#8217;et\u00e0 avanzata, stile di vita non sano e l&#8217;obesit\u00e0 sono alla base [&hellip;]<\/p>\n","protected":false},"author":1,"featured_media":0,"parent":0,"menu_order":0,"comment_status":"closed","ping_status":"closed","template":"","meta":{"_acf_changed":false,"_et_pb_use_builder":"on","_et_pb_old_content":"<!-- wp:divi\/placeholder \/-->","_et_gb_content_width":"","footnotes":""},"class_list":["post-25","page","type-page","status-publish","hentry"],"acf":[],"yoast_head":"<!-- This site is optimized with the Yoast SEO plugin v25.6 - https:\/\/yoast.com\/wordpress\/plugins\/seo\/ -->\n<title>Fertilit\u00e0 femminile: ricerca per la fertilit\u00e0 femminile - Lo.Li. Pharma<\/title>\n<meta name=\"description\" content=\"La nostra ricerca costante \u00e8 frutto del nostro impegno a dare delle risposte efficaci ai problemi relativi all&#039;infertilit\u00e0 femminile.\" \/>\n<meta name=\"robots\" content=\"index, follow, max-snippet:-1, max-image-preview:large, max-video-preview:-1\" \/>\n<link rel=\"canonical\" href=\"https:\/\/www.lolipharma.it\/it\/fertilita-femminile\/\" \/>\n<meta property=\"og:locale\" content=\"it_IT\" \/>\n<meta property=\"og:type\" content=\"article\" \/>\n<meta property=\"og:title\" content=\"Fertilit\u00e0 femminile: ricerca per la fertilit\u00e0 femminile - Lo.Li. Pharma\" \/>\n<meta property=\"og:description\" content=\"La nostra ricerca costante \u00e8 frutto del nostro impegno a dare delle risposte efficaci ai problemi relativi all&#039;infertilit\u00e0 femminile.\" \/>\n<meta property=\"og:url\" content=\"https:\/\/www.lolipharma.it\/it\/fertilita-femminile\/\" \/>\n<meta property=\"og:site_name\" content=\"Lo.Li. Pharma\" \/>\n<meta property=\"article:modified_time\" content=\"2026-01-16T10:49:43+00:00\" \/>\n<meta name=\"twitter:card\" content=\"summary_large_image\" \/>\n<meta name=\"twitter:label1\" content=\"Tempo di lettura stimato\" \/>\n\t<meta name=\"twitter:data1\" content=\"5 minuti\" \/>\n<script type=\"application\/ld+json\" class=\"yoast-schema-graph\">{\"@context\":\"https:\/\/schema.org\",\"@graph\":[{\"@type\":\"WebPage\",\"@id\":\"https:\/\/www.lolipharma.it\/it\/fertilita-femminile\/\",\"url\":\"https:\/\/www.lolipharma.it\/it\/fertilita-femminile\/\",\"name\":\"Fertilit\u00e0 femminile: ricerca per la fertilit\u00e0 femminile - Lo.Li. Pharma\",\"isPartOf\":{\"@id\":\"https:\/\/www.lolipharma.it\/it\/#website\"},\"datePublished\":\"2020-11-11T15:37:52+00:00\",\"dateModified\":\"2026-01-16T10:49:43+00:00\",\"description\":\"La nostra ricerca costante \u00e8 frutto del nostro impegno a dare delle risposte efficaci ai problemi relativi all'infertilit\u00e0 femminile.\",\"breadcrumb\":{\"@id\":\"https:\/\/www.lolipharma.it\/it\/fertilita-femminile\/#breadcrumb\"},\"inLanguage\":\"it-IT\",\"potentialAction\":[{\"@type\":\"ReadAction\",\"target\":[\"https:\/\/www.lolipharma.it\/it\/fertilita-femminile\/\"]}]},{\"@type\":\"BreadcrumbList\",\"@id\":\"https:\/\/www.lolipharma.it\/it\/fertilita-femminile\/#breadcrumb\",\"itemListElement\":[{\"@type\":\"ListItem\",\"position\":1,\"name\":\"Home\",\"item\":\"https:\/\/www.lolipharma.it\/it\/\"},{\"@type\":\"ListItem\",\"position\":2,\"name\":\"Fertilit\u00e0 femminile\"}]},{\"@type\":\"WebSite\",\"@id\":\"https:\/\/www.lolipharma.it\/it\/#website\",\"url\":\"https:\/\/www.lolipharma.it\/it\/\",\"name\":\"Lo.Li. Pharma\",\"description\":\"Dispositivi Medici e Integratori alimentari\",\"potentialAction\":[{\"@type\":\"SearchAction\",\"target\":{\"@type\":\"EntryPoint\",\"urlTemplate\":\"https:\/\/www.lolipharma.it\/it\/?s={search_term_string}\"},\"query-input\":{\"@type\":\"PropertyValueSpecification\",\"valueRequired\":true,\"valueName\":\"search_term_string\"}}],\"inLanguage\":\"it-IT\"}]}<\/script>\n<!-- \/ Yoast SEO plugin. -->","yoast_head_json":{"title":"Fertilit\u00e0 femminile: ricerca per la fertilit\u00e0 femminile - Lo.Li. Pharma","description":"La nostra ricerca costante \u00e8 frutto del nostro impegno a dare delle risposte efficaci ai problemi relativi all'infertilit\u00e0 femminile.","robots":{"index":"index","follow":"follow","max-snippet":"max-snippet:-1","max-image-preview":"max-image-preview:large","max-video-preview":"max-video-preview:-1"},"canonical":"https:\/\/www.lolipharma.it\/it\/fertilita-femminile\/","og_locale":"it_IT","og_type":"article","og_title":"Fertilit\u00e0 femminile: ricerca per la fertilit\u00e0 femminile - Lo.Li. Pharma","og_description":"La nostra ricerca costante \u00e8 frutto del nostro impegno a dare delle risposte efficaci ai problemi relativi all'infertilit\u00e0 femminile.","og_url":"https:\/\/www.lolipharma.it\/it\/fertilita-femminile\/","og_site_name":"Lo.Li. Pharma","article_modified_time":"2026-01-16T10:49:43+00:00","twitter_card":"summary_large_image","twitter_misc":{"Tempo di lettura stimato":"5 minuti"},"schema":{"@context":"https:\/\/schema.org","@graph":[{"@type":"WebPage","@id":"https:\/\/www.lolipharma.it\/it\/fertilita-femminile\/","url":"https:\/\/www.lolipharma.it\/it\/fertilita-femminile\/","name":"Fertilit\u00e0 femminile: ricerca per la fertilit\u00e0 femminile - Lo.Li. Pharma","isPartOf":{"@id":"https:\/\/www.lolipharma.it\/it\/#website"},"datePublished":"2020-11-11T15:37:52+00:00","dateModified":"2026-01-16T10:49:43+00:00","description":"La nostra ricerca costante \u00e8 frutto del nostro impegno a dare delle risposte efficaci ai problemi relativi all'infertilit\u00e0 femminile.","breadcrumb":{"@id":"https:\/\/www.lolipharma.it\/it\/fertilita-femminile\/#breadcrumb"},"inLanguage":"it-IT","potentialAction":[{"@type":"ReadAction","target":["https:\/\/www.lolipharma.it\/it\/fertilita-femminile\/"]}]},{"@type":"BreadcrumbList","@id":"https:\/\/www.lolipharma.it\/it\/fertilita-femminile\/#breadcrumb","itemListElement":[{"@type":"ListItem","position":1,"name":"Home","item":"https:\/\/www.lolipharma.it\/it\/"},{"@type":"ListItem","position":2,"name":"Fertilit\u00e0 femminile"}]},{"@type":"WebSite","@id":"https:\/\/www.lolipharma.it\/it\/#website","url":"https:\/\/www.lolipharma.it\/it\/","name":"Lo.Li. Pharma","description":"Dispositivi Medici e Integratori alimentari","potentialAction":[{"@type":"SearchAction","target":{"@type":"EntryPoint","urlTemplate":"https:\/\/www.lolipharma.it\/it\/?s={search_term_string}"},"query-input":{"@type":"PropertyValueSpecification","valueRequired":true,"valueName":"search_term_string"}}],"inLanguage":"it-IT"}]}},"_links":{"self":[{"href":"https:\/\/www.lolipharma.it\/it\/wp-json\/wp\/v2\/pages\/25","targetHints":{"allow":["GET"]}}],"collection":[{"href":"https:\/\/www.lolipharma.it\/it\/wp-json\/wp\/v2\/pages"}],"about":[{"href":"https:\/\/www.lolipharma.it\/it\/wp-json\/wp\/v2\/types\/page"}],"author":[{"embeddable":true,"href":"https:\/\/www.lolipharma.it\/it\/wp-json\/wp\/v2\/users\/1"}],"replies":[{"embeddable":true,"href":"https:\/\/www.lolipharma.it\/it\/wp-json\/wp\/v2\/comments?post=25"}],"version-history":[{"count":4,"href":"https:\/\/www.lolipharma.it\/it\/wp-json\/wp\/v2\/pages\/25\/revisions"}],"predecessor-version":[{"id":51757,"href":"https:\/\/www.lolipharma.it\/it\/wp-json\/wp\/v2\/pages\/25\/revisions\/51757"}],"wp:attachment":[{"href":"https:\/\/www.lolipharma.it\/it\/wp-json\/wp\/v2\/media?parent=25"}],"curies":[{"name":"wp","href":"https:\/\/api.w.org\/{rel}","templated":true}]}}