{"id":394,"date":"2020-11-17T16:29:39","date_gmt":"2020-11-17T15:29:39","guid":{"rendered":"http:\/\/lolipharma.cloudfactory.it\/?page_id=394"},"modified":"2020-12-07T09:48:50","modified_gmt":"2020-12-07T08:48:50","slug":"quality","status":"publish","type":"page","link":"https:\/\/www.lolipharma.it\/en\/quality\/","title":{"rendered":"Quality"},"content":{"rendered":"\n[et_pb_section fb_built=&#8221;1&#8243; module_class=&#8221;x-header-aree&#8221; _builder_version=&#8221;4.7.4&#8243; _module_preset=&#8221;default&#8221; background_image=&#8221;https:\/\/www.lolipharma.it\/en\/wp-content\/uploads\/2020\/11\/qualita-lolipharma.jpg&#8221; hover_enabled=&#8221;0&#8243; alt=&#8221;reparto qualit\u00e0 lo.li. pharma&#8221; title_text=&#8221;qualita-lolipharma&#8221; sticky_enabled=&#8221;0&#8243;][et_pb_row _builder_version=&#8221;4.6.6&#8243; _module_preset=&#8221;default&#8221; max_width=&#8221;80%&#8221;][et_pb_column type=&#8221;4_4&#8243; _builder_version=&#8221;4.6.6&#8243; _module_preset=&#8221;default&#8221;][et_pb_text _builder_version=&#8221;4.6.6&#8243; _module_preset=&#8221;default&#8221;]<h1>Quality<\/h1>[\/et_pb_text][\/et_pb_column][\/et_pb_row][\/et_pb_section][et_pb_section fb_built=&#8221;1&#8243; module_class=&#8221;x-header-breadcrumb&#8221; _builder_version=&#8221;4.6.6&#8243; _module_preset=&#8221;default&#8221; background_color=&#8221;#213d71&#8243; custom_margin=&#8221;0px||0px||false|false&#8221; custom_padding=&#8221;0px||0px||false|false&#8221;][et_pb_row module_class=&#8221;x-breadcrumb&#8221; _builder_version=&#8221;4.6.6&#8243; _module_preset=&#8221;default&#8221; max_width=&#8221;80%&#8221; custom_margin=&#8221;0px||0px||false|false&#8221; custom_padding=&#8221;5px||5px||false|false&#8221;][et_pb_column type=&#8221;4_4&#8243; _builder_version=&#8221;4.6.6&#8243; _module_preset=&#8221;default&#8221;][et_pb_text _builder_version=&#8221;4.7.4&#8243; _module_preset=&#8221;default&#8221; text_text_color=&#8221;#ffffff&#8221;]<span><span><a href=\"https:\/\/www.lolipharma.it\/en\/\">Home<\/a><\/span><\/span>[\/et_pb_text][\/et_pb_column][\/et_pb_row][\/et_pb_section][et_pb_section fb_built=&#8221;1&#8243; _builder_version=&#8221;4.6.6&#8243; _module_preset=&#8221;default&#8221;][et_pb_row column_structure=&#8221;1_2,1_2&#8243; use_custom_gutter=&#8221;on&#8221; gutter_width=&#8221;1&#8243; make_equal=&#8221;on&#8221; _builder_version=&#8221;4.6.6&#8243; _module_preset=&#8221;default&#8221; width=&#8221;90%&#8221; max_width=&#8221;90%&#8221;][et_pb_column type=&#8221;1_2&#8243; _builder_version=&#8221;4.6.6&#8243; _module_preset=&#8221;default&#8221; custom_css_main_element=&#8221;margin:auto;&#8221;][et_pb_text _builder_version=&#8221;4.7.4&#8243; _module_preset=&#8221;default&#8221; background_color=&#8221;#f9fafb&#8221; transform_scale_tablet=&#8221;&#8221; transform_scale_phone=&#8221;&#8221; transform_scale_last_edited=&#8221;on|desktop&#8221; transform_scale_linked=&#8221;off&#8221; transform_translate=&#8221;20%|0px&#8221; transform_translate_tablet=&#8221;0%|0px&#8221; transform_translate_phone=&#8221;&#8221; transform_translate_last_edited=&#8221;on|phone&#8221; transform_translate_linked=&#8221;off&#8221; transform_rotate_tablet=&#8221;&#8221; transform_rotate_phone=&#8221;&#8221; transform_rotate_last_edited=&#8221;on|desktop&#8221; transform_skew_tablet=&#8221;&#8221; transform_skew_phone=&#8221;&#8221; transform_skew_last_edited=&#8221;on|desktop&#8221; transform_origin=&#8221;0%|50%&#8221; transform_origin_tablet=&#8221;&#8221; transform_origin_phone=&#8221;&#8221; transform_origin_last_edited=&#8221;on|desktop&#8221; transform_styles_last_edited=&#8221;on|phone&#8221; z_index=&#8221;500&#8243; width=&#8221;100%&#8221; custom_margin=&#8221;||||false|false&#8221; custom_padding=&#8221;20px|40px|20px|40px|false|false&#8221; transform_styles_tablet=&#8221;&#8221; transform_styles_phone=&#8221;&#8221;]<p>Our Quality Management System is certified according to ISO 9001:2015 and complies with ISO 13485: 2016.<br \/>Given our sensitivity and attention to the needs of the market, we consider all customer feedback information to be of fundamental importance through the adoption of a correct quality assurance and control policy.<br \/>As a manufacturer, we are committed to achieving and maintaining the highest levels of quality, safety and efficacy of our medical devices and food supplements, in order to concretely contribute to health protection.<br \/>Our ongoing effort in the management of quality standards is achieved starting from the research and development phase of new products, such as innovative responses to the needs of patients and new therapeutic and prevention tools, up to the use of the products through post-market surveillance.<br \/>Compliance with quality, safety and efficacy standards is guaranteed, at every stage:<br \/>1. Development of the prototype: identification and monitoring of the characteristics of the raw materials and execution of stability studies in compliance with the highest international standards and in extreme climatic areas.<br \/>2. Manufacturing of the product: analysis and control of chemical-physical, microbiological parameters, presence of gluten\/lactose and possibly sugars on each batch of the finished product.<br \/>3. Commercial reality: follow-up of the product performance in terms of safety, efficacy and adverse event reports.<br \/>The surveillance of the product in the after-sales is the main activity through which the Quality Department receives input of ongoing optimization, such as the careful monitoring of the presence of allergens in the finished product.<\/p>\n<p>Professionalism and training are the basis of our work. For this reason, safety and effectiveness of our formulations are guaranteed by continuous pre-clinical and clinical studies on the products.<\/p>[\/et_pb_text][\/et_pb_column][et_pb_column type=&#8221;1_2&#8243; _builder_version=&#8221;4.6.6&#8243; _module_preset=&#8221;default&#8221; z_index=&#8221;1&#8243; custom_css_main_element=&#8221;margin:auto;\t\t&#8220;][et_pb_image src=&#8221;https:\/\/www.lolipharma.it\/en\/wp-content\/uploads\/2020\/11\/qualita-presentazione.jpg&#8221; title_text=&#8221;qualita-presentazione&#8221; _builder_version=&#8221;4.7.4&#8243; _module_preset=&#8221;default&#8221; z_index=&#8221;-500&#8243;][\/et_pb_image][\/et_pb_column][\/et_pb_row][\/et_pb_section][et_pb_section fb_built=&#8221;1&#8243; _builder_version=&#8221;4.7.4&#8243; _module_preset=&#8221;default&#8221;][et_pb_row _builder_version=&#8221;4.6.6&#8243; _module_preset=&#8221;default&#8221; max_width=&#8221;80%&#8221;][et_pb_column type=&#8221;4_4&#8243; _builder_version=&#8221;4.6.6&#8243; _module_preset=&#8221;default&#8221;][et_pb_text _builder_version=&#8221;4.6.6&#8243; _module_preset=&#8221;default&#8221;]<h2>Therapeutic areas<\/h2>[\/et_pb_text][\/et_pb_column][\/et_pb_row][et_pb_row column_structure=&#8221;1_3,1_3,1_3&#8243; use_custom_gutter=&#8221;on&#8221; gutter_width=&#8221;4&#8243; _builder_version=&#8221;4.7.4&#8243; _module_preset=&#8221;default&#8221; max_width=&#8221;80%&#8221;][et_pb_column type=&#8221;1_3&#8243; _builder_version=&#8221;4.7.4&#8243; _module_preset=&#8221;default&#8221;][et_pb_blurb title=&#8221;Female fertility&#8221; image=&#8221;https:\/\/www.lolipharma.it\/en\/wp-content\/uploads\/2020\/11\/fertilita-femminile-1.png&#8221; alt=&#8221;fertilit\u00e0 femminile&#8221; module_class=&#8221;x-blurb-aree-terapeutiche&#8221; _builder_version=&#8221;4.7.4&#8243; _module_preset=&#8221;default&#8221; background_color=&#8221;#8e2d77&#8243; link_option_url=&#8221;\/en\/female-fertility\/&#8221;][\/et_pb_blurb][\/et_pb_column][et_pb_column type=&#8221;1_3&#8243; _builder_version=&#8221;4.7.4&#8243; _module_preset=&#8221;default&#8221;][et_pb_blurb title=&#8221;Gynaecology and Obstetrics&#8221; image=&#8221;https:\/\/www.lolipharma.it\/en\/wp-content\/uploads\/2020\/11\/ginecologia-ostetricia.png&#8221; alt=&#8221;fertilit\u00e0 femminile&#8221; module_class=&#8221;x-blurb-aree-terapeutiche&#8221; _builder_version=&#8221;4.7.4&#8243; _module_preset=&#8221;default&#8221; background_color=&#8221;#d07cb1&#8243; link_option_url=&#8221;\/en\/gynaecology-obstetrics&#8221;][\/et_pb_blurb][\/et_pb_column][et_pb_column type=&#8221;1_3&#8243; _builder_version=&#8221;4.7.4&#8243; _module_preset=&#8221;default&#8221;][et_pb_blurb title=&#8221; Male Fertility and Andrology&#8221; image=&#8221;https:\/\/www.lolipharma.it\/en\/wp-content\/uploads\/2020\/11\/andrologia-fertilita-maschile.png&#8221; module_class=&#8221;x-blurb-aree-terapeutiche&#8221; _builder_version=&#8221;4.7.4&#8243; _module_preset=&#8221;default&#8221; background_color=&#8221;#00a3b8&#8243; link_option_url=&#8221;\/en\/male-fertility-andrology\/&#8221;][\/et_pb_blurb][\/et_pb_column][\/et_pb_row][et_pb_row column_structure=&#8221;1_3,1_3,1_3&#8243; use_custom_gutter=&#8221;on&#8221; gutter_width=&#8221;4&#8243; _builder_version=&#8221;4.7.4&#8243; _module_preset=&#8221;default&#8221; max_width=&#8221;80%&#8221;][et_pb_column type=&#8221;1_3&#8243; _builder_version=&#8221;4.7.4&#8243; _module_preset=&#8221;default&#8221;][et_pb_blurb title=&#8221;Endocrinology&#8221; image=&#8221;https:\/\/www.lolipharma.it\/en\/wp-content\/uploads\/2020\/11\/endocriologia.png&#8221; module_class=&#8221;x-blurb-aree-terapeutiche&#8221; _builder_version=&#8221;4.7.4&#8243; _module_preset=&#8221;default&#8221; background_color=&#8221;#c5d205&#8243; link_option_url=&#8221;\/en\/endocrinology\/&#8221;][\/et_pb_blurb][\/et_pb_column][et_pb_column type=&#8221;1_3&#8243; _builder_version=&#8221;4.7.4&#8243; _module_preset=&#8221;default&#8221;][et_pb_blurb title=&#8221;Urology&#8221; image=&#8221;https:\/\/www.lolipharma.it\/en\/wp-content\/uploads\/2020\/11\/urologia.png&#8221; module_class=&#8221;x-blurb-aree-terapeutiche&#8221; _builder_version=&#8221;4.7.4&#8243; _module_preset=&#8221;default&#8221; background_color=&#8221;#fcc124&#8243; link_option_url=&#8221;\/en\/urology\/&#8221;][\/et_pb_blurb][\/et_pb_column][et_pb_column type=&#8221;1_3&#8243; _builder_version=&#8221;4.7.4&#8243; _module_preset=&#8221;default&#8221;][\/et_pb_column][\/et_pb_row][\/et_pb_section][et_pb_section fb_built=&#8221;1&#8243; _builder_version=&#8221;4.6.6&#8243; _module_preset=&#8221;default&#8221; custom_padding=&#8221;||0px|||&#8221;][et_pb_row _builder_version=&#8221;4.6.6&#8243; _module_preset=&#8221;default&#8221; width=&#8221;100%&#8221; max_width=&#8221;100%&#8221;][et_pb_column type=&#8221;4_4&#8243; _builder_version=&#8221;4.6.6&#8243; _module_preset=&#8221;default&#8221;][et_pb_divider color=&#8221;#000000&#8243; _builder_version=&#8221;4.6.6&#8243; _module_preset=&#8221;default&#8221; width=&#8221;100%&#8221; max_width=&#8221;100%&#8221;][\/et_pb_divider][\/et_pb_column][\/et_pb_row][\/et_pb_section][et_pb_section fb_built=&#8221;1&#8243; _builder_version=&#8221;4.6.6&#8243; _module_preset=&#8221;default&#8221;][et_pb_row _builder_version=&#8221;4.6.6&#8243; _module_preset=&#8221;default&#8221; max_width=&#8221;80%&#8221;][et_pb_column type=&#8221;4_4&#8243; _builder_version=&#8221;4.6.6&#8243; _module_preset=&#8221;default&#8221;][et_pb_text _builder_version=&#8221;4.6.6&#8243; _module_preset=&#8221;default&#8221;]<h2>Insights<\/h2>[\/et_pb_text][et_pb_blog fullwidth=&#8221;off&#8221; posts_number=&#8221;3&#8243; include_categories=&#8221;6&#8243; show_author=&#8221;off&#8221; show_date=&#8221;off&#8221; show_categories=&#8221;off&#8221; show_pagination=&#8221;off&#8221; _builder_version=&#8221;4.6.6&#8243; _module_preset=&#8221;default&#8221;][\/et_pb_blog][\/et_pb_column][\/et_pb_row][\/et_pb_section]\n","protected":false},"excerpt":{"rendered":"<p>Quality<span><span><a href=\"https:\/\/www.lolipharma.it\/en\/\">Home<\/a><\/span><\/span>Our Quality Management System is certified according to ISO 9001:2015 and complies with ISO 13485: 2016.Given our sensitivity and attention to the needs of the market, we consider all customer feedback information to be of fundamental importance through the adoption of a correct quality assurance and control policy.As a manufacturer, we are committed to achieving [&hellip;]<\/p>\n","protected":false},"author":1,"featured_media":0,"parent":0,"menu_order":0,"comment_status":"closed","ping_status":"closed","template":"","meta":{"_acf_changed":false,"_et_pb_use_builder":"on","_et_pb_old_content":"<!-- wp:paragraph -->\n<p>Questa \u00e8 una pagina di esempio. Differisce da un articolo di un blog perch\u00e9 rimane sempre allo stesso posto e (in molti temi) appare nel menu di navigazione. Molte persone iniziano con una pagina di Informazioni che li presentano ai visitatori del sito. Potrebbe apparire una presentazione del tipo:<\/p>\n<!-- \/wp:paragraph -->\n\n<!-- wp:quote -->\n<blockquote class=\"wp-block-quote\"><p>Ciao! Sono un fattorino ciclista di giorno, aspirante attore di notte e questo \u00e8 il mio sito web. Vivo a Los Angeles, ho un grande cane di nome Jack e mi piace la pi\u00f1a colada. (E prendere la pioggia)<\/p><\/blockquote>\n<!-- \/wp:quote -->\n\n<!-- wp:paragraph -->\n<p>...o qualcosa di simile:<\/p>\n<!-- \/wp:paragraph -->\n\n<!-- wp:quote -->\n<blockquote class=\"wp-block-quote\"><p>La Societ\u00e0 XYZ Aggeggi \u00e8 stata fondata nel 1971 e da allora fornisce al pubblico aggeggi di ottima qualit\u00e0. Situata a Fantasilandia, XYZ impiega oltre 2.000 persone e realizza ogni sorta di aggeggio fantastico per la comunit\u00e0 di Fantasilandia.<\/p><\/blockquote>\n<!-- \/wp:quote -->\n\n<!-- wp:paragraph -->\n<p>Come nuovo utente di WordPress, dovresti andare nella tua <a href=\"http:\/\/www.lolipharma.it\/wp-admin\/\">Bacheca<\/a> per eliminare questa pagina, e crearne delle nuove per i tuoi contenuti. Divertiti!<\/p>\n<!-- \/wp:paragraph -->","_et_gb_content_width":"","footnotes":""},"class_list":["post-394","page","type-page","status-publish","hentry"],"acf":[],"yoast_head":"<!-- This site is optimized with the Yoast SEO plugin v25.6 - https:\/\/yoast.com\/wordpress\/plugins\/seo\/ -->\n<title>Lo.Li Pharma Quality department: get to know us better! - Lo.Li. Pharma<\/title>\n<meta name=\"description\" content=\"The quality, safety, and efficacy of our formulations are guaranteed by continuous pre-clinical and clinical studies on the products.\" \/>\n<meta name=\"robots\" content=\"index, follow, max-snippet:-1, max-image-preview:large, max-video-preview:-1\" \/>\n<link rel=\"canonical\" href=\"https:\/\/www.lolipharma.it\/en\/quality\/\" \/>\n<meta property=\"og:locale\" content=\"en_US\" \/>\n<meta property=\"og:type\" content=\"article\" \/>\n<meta property=\"og:title\" content=\"Lo.Li Pharma Quality department: get to know us better! - Lo.Li. Pharma\" \/>\n<meta property=\"og:description\" content=\"The quality, safety, and efficacy of our formulations are guaranteed by continuous pre-clinical and clinical studies on the products.\" \/>\n<meta property=\"og:url\" content=\"https:\/\/www.lolipharma.it\/en\/quality\/\" \/>\n<meta property=\"og:site_name\" content=\"Lo.Li. Pharma\" \/>\n<meta property=\"article:modified_time\" content=\"2020-12-07T08:48:50+00:00\" \/>\n<meta name=\"twitter:card\" content=\"summary_large_image\" \/>\n<meta name=\"twitter:label1\" content=\"Est. reading time\" \/>\n\t<meta name=\"twitter:data1\" content=\"6 minutes\" \/>\n<script type=\"application\/ld+json\" class=\"yoast-schema-graph\">{\"@context\":\"https:\/\/schema.org\",\"@graph\":[{\"@type\":\"WebPage\",\"@id\":\"https:\/\/www.lolipharma.it\/en\/quality\/\",\"url\":\"https:\/\/www.lolipharma.it\/en\/quality\/\",\"name\":\"Lo.Li Pharma Quality department: get to know us better! - Lo.Li. Pharma\",\"isPartOf\":{\"@id\":\"https:\/\/www.lolipharma.it\/en\/#website\"},\"datePublished\":\"2020-11-17T15:29:39+00:00\",\"dateModified\":\"2020-12-07T08:48:50+00:00\",\"description\":\"The quality, safety, and efficacy of our formulations are guaranteed by continuous pre-clinical and clinical studies on the products.\",\"breadcrumb\":{\"@id\":\"https:\/\/www.lolipharma.it\/en\/quality\/#breadcrumb\"},\"inLanguage\":\"en-US\",\"potentialAction\":[{\"@type\":\"ReadAction\",\"target\":[\"https:\/\/www.lolipharma.it\/en\/quality\/\"]}]},{\"@type\":\"BreadcrumbList\",\"@id\":\"https:\/\/www.lolipharma.it\/en\/quality\/#breadcrumb\",\"itemListElement\":[{\"@type\":\"ListItem\",\"position\":1,\"name\":\"Home\",\"item\":\"https:\/\/www.lolipharma.it\/en\/\"},{\"@type\":\"ListItem\",\"position\":2,\"name\":\"Quality\"}]},{\"@type\":\"WebSite\",\"@id\":\"https:\/\/www.lolipharma.it\/en\/#website\",\"url\":\"https:\/\/www.lolipharma.it\/en\/\",\"name\":\"Lo.Li. Pharma\",\"description\":\"Medical Devices and Dietary Supplements\",\"publisher\":{\"@id\":\"https:\/\/www.lolipharma.it\/en\/#organization\"},\"potentialAction\":[{\"@type\":\"SearchAction\",\"target\":{\"@type\":\"EntryPoint\",\"urlTemplate\":\"https:\/\/www.lolipharma.it\/en\/?s={search_term_string}\"},\"query-input\":{\"@type\":\"PropertyValueSpecification\",\"valueRequired\":true,\"valueName\":\"search_term_string\"}}],\"inLanguage\":\"en-US\"},{\"@type\":\"Organization\",\"@id\":\"https:\/\/www.lolipharma.it\/en\/#organization\",\"name\":\"Lo.Li. Pharma\",\"url\":\"https:\/\/www.lolipharma.it\/en\/\",\"logo\":{\"@type\":\"ImageObject\",\"inLanguage\":\"en-US\",\"@id\":\"https:\/\/www.lolipharma.it\/en\/#\/schema\/logo\/image\/\",\"url\":\"https:\/\/www.lolipharma.it\/en\/wp-content\/uploads\/2020\/11\/LoLi-pharma-logo.png\",\"contentUrl\":\"https:\/\/www.lolipharma.it\/en\/wp-content\/uploads\/2020\/11\/LoLi-pharma-logo.png\",\"width\":232,\"height\":80,\"caption\":\"Lo.Li. Pharma\"},\"image\":{\"@id\":\"https:\/\/www.lolipharma.it\/en\/#\/schema\/logo\/image\/\"}}]}<\/script>\n<!-- \/ Yoast SEO plugin. -->","yoast_head_json":{"title":"Lo.Li Pharma Quality department: get to know us better! - Lo.Li. Pharma","description":"The quality, safety, and efficacy of our formulations are guaranteed by continuous pre-clinical and clinical studies on the products.","robots":{"index":"index","follow":"follow","max-snippet":"max-snippet:-1","max-image-preview":"max-image-preview:large","max-video-preview":"max-video-preview:-1"},"canonical":"https:\/\/www.lolipharma.it\/en\/quality\/","og_locale":"en_US","og_type":"article","og_title":"Lo.Li Pharma Quality department: get to know us better! - Lo.Li. Pharma","og_description":"The quality, safety, and efficacy of our formulations are guaranteed by continuous pre-clinical and clinical studies on the products.","og_url":"https:\/\/www.lolipharma.it\/en\/quality\/","og_site_name":"Lo.Li. Pharma","article_modified_time":"2020-12-07T08:48:50+00:00","twitter_card":"summary_large_image","twitter_misc":{"Est. reading time":"6 minutes"},"schema":{"@context":"https:\/\/schema.org","@graph":[{"@type":"WebPage","@id":"https:\/\/www.lolipharma.it\/en\/quality\/","url":"https:\/\/www.lolipharma.it\/en\/quality\/","name":"Lo.Li Pharma Quality department: get to know us better! - Lo.Li. Pharma","isPartOf":{"@id":"https:\/\/www.lolipharma.it\/en\/#website"},"datePublished":"2020-11-17T15:29:39+00:00","dateModified":"2020-12-07T08:48:50+00:00","description":"The quality, safety, and efficacy of our formulations are guaranteed by continuous pre-clinical and clinical studies on the products.","breadcrumb":{"@id":"https:\/\/www.lolipharma.it\/en\/quality\/#breadcrumb"},"inLanguage":"en-US","potentialAction":[{"@type":"ReadAction","target":["https:\/\/www.lolipharma.it\/en\/quality\/"]}]},{"@type":"BreadcrumbList","@id":"https:\/\/www.lolipharma.it\/en\/quality\/#breadcrumb","itemListElement":[{"@type":"ListItem","position":1,"name":"Home","item":"https:\/\/www.lolipharma.it\/en\/"},{"@type":"ListItem","position":2,"name":"Quality"}]},{"@type":"WebSite","@id":"https:\/\/www.lolipharma.it\/en\/#website","url":"https:\/\/www.lolipharma.it\/en\/","name":"Lo.Li. Pharma","description":"Medical Devices and Dietary Supplements","publisher":{"@id":"https:\/\/www.lolipharma.it\/en\/#organization"},"potentialAction":[{"@type":"SearchAction","target":{"@type":"EntryPoint","urlTemplate":"https:\/\/www.lolipharma.it\/en\/?s={search_term_string}"},"query-input":{"@type":"PropertyValueSpecification","valueRequired":true,"valueName":"search_term_string"}}],"inLanguage":"en-US"},{"@type":"Organization","@id":"https:\/\/www.lolipharma.it\/en\/#organization","name":"Lo.Li. Pharma","url":"https:\/\/www.lolipharma.it\/en\/","logo":{"@type":"ImageObject","inLanguage":"en-US","@id":"https:\/\/www.lolipharma.it\/en\/#\/schema\/logo\/image\/","url":"https:\/\/www.lolipharma.it\/en\/wp-content\/uploads\/2020\/11\/LoLi-pharma-logo.png","contentUrl":"https:\/\/www.lolipharma.it\/en\/wp-content\/uploads\/2020\/11\/LoLi-pharma-logo.png","width":232,"height":80,"caption":"Lo.Li. Pharma"},"image":{"@id":"https:\/\/www.lolipharma.it\/en\/#\/schema\/logo\/image\/"}}]}},"_links":{"self":[{"href":"https:\/\/www.lolipharma.it\/en\/wp-json\/wp\/v2\/pages\/394","targetHints":{"allow":["GET"]}}],"collection":[{"href":"https:\/\/www.lolipharma.it\/en\/wp-json\/wp\/v2\/pages"}],"about":[{"href":"https:\/\/www.lolipharma.it\/en\/wp-json\/wp\/v2\/types\/page"}],"author":[{"embeddable":true,"href":"https:\/\/www.lolipharma.it\/en\/wp-json\/wp\/v2\/users\/1"}],"replies":[{"embeddable":true,"href":"https:\/\/www.lolipharma.it\/en\/wp-json\/wp\/v2\/comments?post=394"}],"version-history":[{"count":0,"href":"https:\/\/www.lolipharma.it\/en\/wp-json\/wp\/v2\/pages\/394\/revisions"}],"wp:attachment":[{"href":"https:\/\/www.lolipharma.it\/en\/wp-json\/wp\/v2\/media?parent=394"}],"curies":[{"name":"wp","href":"https:\/\/api.w.org\/{rel}","templated":true}]}}