{"id":2,"date":"2020-11-06T23:36:43","date_gmt":"2020-11-06T22:36:43","guid":{"rendered":"http:\/\/lolipharma.cloudfactory.it\/?page_id=2"},"modified":"2025-09-01T14:56:24","modified_gmt":"2025-09-01T12:56:24","slug":"home-2","status":"publish","type":"page","link":"https:\/\/www.lolipharma.it\/en\/","title":{"rendered":"Home"},"content":{"rendered":"<p>[et_pb_section fb_built=&#8221;1&#8243; fullwidth=&#8221;on&#8221; disabled_on=&#8221;on|on|off&#8221; _builder_version=&#8221;4.16&#8243; _module_preset=&#8221;default&#8221; global_colors_info=&#8221;{}&#8221;][et_pb_fullwidth_slider module_class=&#8221;x-header-testo&#8221; _builder_version=&#8221;4.16&#8243; _module_preset=&#8221;default&#8221; header_text_shadow_style=&#8221;preset3&#8243; global_colors_info=&#8221;{}&#8221;][et_pb_slide _builder_version=&#8221;4.16&#8243; _module_preset=&#8221;default&#8221; header_level=&#8221;h2&#8243; header_font=&#8221;Cabin||||||||&#8221; background_enable_color=&#8221;off&#8221; background_image=&#8221;https:\/\/www.lolipharma.it\/en\/wp-content\/uploads\/2020\/11\/lolipharma-homepage.jpg&#8221; background_enable_image=&#8221;on&#8221; background_position=&#8221;top_center&#8221; text_orientation=&#8221;left&#8221; header_text_shadow_style=&#8221;preset3&#8243; global_colors_info=&#8221;{}&#8221; sticky_transition=&#8221;on&#8221;]<\/p>\n<h2>Continous research brings us closer to people<\/h2>\n<p>[\/et_pb_slide][\/et_pb_fullwidth_slider][\/et_pb_section][et_pb_section fb_built=&#8221;1&#8243; fullwidth=&#8221;on&#8221; disabled_on=&#8221;off|off|on&#8221; _builder_version=&#8221;4.16&#8243; _module_preset=&#8221;default&#8221; global_colors_info=&#8221;{}&#8221;][et_pb_fullwidth_slider _builder_version=&#8221;4.16&#8243; _module_preset=&#8221;default&#8221; header_text_shadow_style=&#8221;preset3&#8243; global_colors_info=&#8221;{}&#8221;][et_pb_slide _builder_version=&#8221;4.16&#8243; _module_preset=&#8221;default&#8221; header_level=&#8221;h2&#8243; header_font=&#8221;Cabin||||||||&#8221; background_enable_color=&#8221;off&#8221; background_image=&#8221;https:\/\/www.lolipharma.it\/en\/wp-content\/uploads\/2020\/11\/lolipharma-homepage.jpg&#8221; background_enable_image=&#8221;on&#8221; background_position=&#8221;top_center&#8221; text_orientation=&#8221;left&#8221; header_text_shadow_style=&#8221;preset3&#8243; global_colors_info=&#8221;{}&#8221; sticky_transition=&#8221;on&#8221;]<\/p>\n<h2>Continous research brings us closer to people<\/h2>\n<p>[\/et_pb_slide][\/et_pb_fullwidth_slider][\/et_pb_section][et_pb_section fb_built=&#8221;1&#8243; _builder_version=&#8221;4.7.3&#8243; _module_preset=&#8221;default&#8221; background_color=&#8221;#f9fafb&#8221; custom_margin=&#8221;0px||0px||false|false&#8221; custom_padding=&#8221;20px||20px||false|false&#8221; global_module=&#8221;4774&#8243; saved_tabs=&#8221;all&#8221; global_colors_info=&#8221;{}&#8221;][et_pb_row custom_padding_last_edited=&#8221;on|phone&#8221; _builder_version=&#8221;4.16&#8243; width_tablet=&#8221;&#8221; width_phone=&#8221;90%&#8221; width_last_edited=&#8221;on|phone&#8221; custom_padding_tablet=&#8221;&#8221; custom_padding_phone=&#8221;0px||0px||false|false&#8221; global_colors_info=&#8221;{}&#8221;][et_pb_column type=&#8221;4_4&#8243; _builder_version=&#8221;4.16&#8243; global_colors_info=&#8221;{}&#8221;][et_pb_code _builder_version=&#8221;4.16&#8243; module_alignment=&#8221;center&#8221; global_colors_info=&#8221;{}&#8221;]<\/p>\n<form method=\"get\" action=\"\/it\/\" class=\"x-category-search-form\"><!-- [et_pb_line_break_holder] -->  <input type=\"text\" name=\"s\" value=\"\" placeholder=\"Enter a topic or keyword\" \/><!-- [et_pb_line_break_holder] -->  <input type=\"submit\" value=\"Search\" \/><!-- [et_pb_line_break_holder] --><\/form>\n<p>[\/et_pb_code][\/et_pb_column][\/et_pb_row][\/et_pb_section][et_pb_section fb_built=&#8221;1&#8243; _builder_version=&#8221;4.16&#8243; _module_preset=&#8221;default&#8221; global_colors_info=&#8221;{}&#8221;][et_pb_row column_structure=&#8221;3_5,2_5&#8243; make_equal=&#8221;on&#8221; _builder_version=&#8221;4.16&#8243; _module_preset=&#8221;default&#8221; max_width=&#8221;80%&#8221; global_colors_info=&#8221;{}&#8221;][et_pb_column type=&#8221;3_5&#8243; _builder_version=&#8221;4.16&#8243; _module_preset=&#8221;default&#8221; global_colors_info=&#8221;{}&#8221;][et_pb_image src=&#8221;https:\/\/www.lolipharma.it\/en\/wp-content\/uploads\/2020\/11\/sede.jpg&#8221; title_text=&#8221;sede&#8221; _builder_version=&#8221;4.16&#8243; _module_preset=&#8221;default&#8221; global_colors_info=&#8221;{}&#8221;][\/et_pb_image][\/et_pb_column][et_pb_column type=&#8221;2_5&#8243; _builder_version=&#8221;4.16&#8243; _module_preset=&#8221;default&#8221; custom_css_main_element=&#8221;margin:auto;\t\t&#8221; global_colors_info=&#8221;{}&#8221;][et_pb_text _builder_version=&#8221;4.16&#8243; _module_preset=&#8221;default&#8221; background_color=&#8221;#f9fafb&#8221; custom_margin=&#8221;|||-70%|false|false&#8221; custom_margin_tablet=&#8221;|||0%|false|false&#8221; custom_margin_phone=&#8221;|||0%|false|false&#8221; custom_margin_last_edited=&#8221;on|desktop&#8221; custom_padding=&#8221;20px|40px|20px|40px|false|false&#8221; global_colors_info=&#8221;{}&#8221;]<\/p>\n<h1>Lo.Li. Pharma<\/h1>\n<p>We are an Italian company, based in Rome, involved in the development and marketing of medical devices and food supplements.<\/p>\n<p>Scientific research, know-how and quality have always been our hallmark and enabled us to pursue our most important goal which is to create safe and effective formulations that meet the needs of medical doctors and patients.<\/p>\n<p>We have been operating for years in the field of obstetrics and gynaecology, where we acquired particular recognition in the field of female and male fertility. In recent years our scientific commitment has expanded to other therapeutic areas, including endocrinology, urology and andrology. In recent years our scientific commitment has expanded to other therapeutic areas, including endocrinology, urology and andrology.<\/p>\n<p>The strength of our company is the passion of its founder for scientific research, supported by a young and dynamic group, committed to guaranteeing the highest levels of quality, safety and effectiveness of the specialities developed and placed on the market. We work in a rigorous and effective way, in compliance with ethical and moral principles.<\/p>\n<p style=\"text-align: right;\"><a href=\"\/it\/chi-siamo\/\"><span class=\"x-scopri-di-piu\">Read more &gt;&gt;<\/span><\/a><\/p>\n<p>[\/et_pb_text][\/et_pb_column][\/et_pb_row][\/et_pb_section][et_pb_section fb_built=&#8221;1&#8243; _builder_version=&#8221;4.16&#8243; _module_preset=&#8221;default&#8221; global_colors_info=&#8221;{}&#8221;][et_pb_row _builder_version=&#8221;4.16&#8243; _module_preset=&#8221;default&#8221; max_width=&#8221;80%&#8221; global_colors_info=&#8221;{}&#8221;][et_pb_column type=&#8221;4_4&#8243; _builder_version=&#8221;4.16&#8243; _module_preset=&#8221;default&#8221; global_colors_info=&#8221;{}&#8221;][et_pb_text _builder_version=&#8221;4.16&#8243; _module_preset=&#8221;default&#8221; global_colors_info=&#8221;{}&#8221;]<\/p>\n<h2>Therapeutic areas<\/h2>\n<p>[\/et_pb_text][\/et_pb_column][\/et_pb_row][et_pb_row column_structure=&#8221;1_3,1_3,1_3&#8243; use_custom_gutter=&#8221;on&#8221; gutter_width=&#8221;4&#8243; _builder_version=&#8221;4.16&#8243; _module_preset=&#8221;default&#8221; max_width=&#8221;80%&#8221; global_colors_info=&#8221;{}&#8221;][et_pb_column type=&#8221;1_3&#8243; _builder_version=&#8221;4.16&#8243; _module_preset=&#8221;default&#8221; global_colors_info=&#8221;{}&#8221;][et_pb_blurb title=&#8221;Female fertility&#8221; image=&#8221;https:\/\/www.lolipharma.it\/en\/wp-content\/uploads\/2020\/11\/fertilita-femminile-1.png&#8221; alt=&#8221;fertilit\u00e0 femminile&#8221; module_class=&#8221;x-blurb-aree-terapeutiche&#8221; _builder_version=&#8221;4.16&#8243; _module_preset=&#8221;default&#8221; background_color=&#8221;#8e2d77&#8243; link_option_url=&#8221;\/en\/female-fertility\/&#8221; global_colors_info=&#8221;{}&#8221;][\/et_pb_blurb][\/et_pb_column][et_pb_column type=&#8221;1_3&#8243; _builder_version=&#8221;4.16&#8243; _module_preset=&#8221;default&#8221; global_colors_info=&#8221;{}&#8221;][et_pb_blurb title=&#8221;Gynaecology and Obstetrics&#8221; image=&#8221;https:\/\/www.lolipharma.it\/en\/wp-content\/uploads\/2020\/11\/ginecologia-ostetricia.png&#8221; alt=&#8221;fertilit\u00e0 femminile&#8221; module_class=&#8221;x-blurb-aree-terapeutiche&#8221; _builder_version=&#8221;4.16&#8243; _module_preset=&#8221;default&#8221; background_color=&#8221;#d07cb1&#8243; link_option_url=&#8221;\/en\/gynaecology-obstetrics&#8221; global_colors_info=&#8221;{}&#8221;][\/et_pb_blurb][\/et_pb_column][et_pb_column type=&#8221;1_3&#8243; _builder_version=&#8221;4.16&#8243; _module_preset=&#8221;default&#8221; global_colors_info=&#8221;{}&#8221;][et_pb_blurb title=&#8221; Male Fertility and Andrology&#8221; image=&#8221;https:\/\/www.lolipharma.it\/en\/wp-content\/uploads\/2020\/11\/andrologia-fertilita-maschile.png&#8221; module_class=&#8221;x-blurb-aree-terapeutiche&#8221; _builder_version=&#8221;4.16&#8243; _module_preset=&#8221;default&#8221; background_color=&#8221;#00a3b8&#8243; link_option_url=&#8221;\/en\/male-fertility-andrology\/&#8221; global_colors_info=&#8221;{}&#8221;][\/et_pb_blurb][\/et_pb_column][\/et_pb_row][et_pb_row column_structure=&#8221;1_3,1_3,1_3&#8243; use_custom_gutter=&#8221;on&#8221; gutter_width=&#8221;4&#8243; _builder_version=&#8221;4.16&#8243; _module_preset=&#8221;default&#8221; max_width=&#8221;80%&#8221; global_colors_info=&#8221;{}&#8221;][et_pb_column type=&#8221;1_3&#8243; _builder_version=&#8221;4.16&#8243; _module_preset=&#8221;default&#8221; global_colors_info=&#8221;{}&#8221;][et_pb_blurb title=&#8221;Endocrinology&#8221; image=&#8221;https:\/\/www.lolipharma.it\/en\/wp-content\/uploads\/2020\/11\/endocriologia.png&#8221; module_class=&#8221;x-blurb-aree-terapeutiche&#8221; _builder_version=&#8221;4.16&#8243; _module_preset=&#8221;default&#8221; background_color=&#8221;#c5d205&#8243; link_option_url=&#8221;\/en\/endocrinology\/&#8221; global_colors_info=&#8221;{}&#8221;][\/et_pb_blurb][\/et_pb_column][et_pb_column type=&#8221;1_3&#8243; _builder_version=&#8221;4.16&#8243; _module_preset=&#8221;default&#8221; global_colors_info=&#8221;{}&#8221;][et_pb_blurb title=&#8221;Urology&#8221; image=&#8221;https:\/\/www.lolipharma.it\/en\/wp-content\/uploads\/2020\/11\/urologia.png&#8221; module_class=&#8221;x-blurb-aree-terapeutiche&#8221; _builder_version=&#8221;4.16&#8243; _module_preset=&#8221;default&#8221; background_color=&#8221;#fcc124&#8243; link_option_url=&#8221;\/en\/urology\/&#8221; global_colors_info=&#8221;{}&#8221;][\/et_pb_blurb][\/et_pb_column][et_pb_column type=&#8221;1_3&#8243; _builder_version=&#8221;4.16&#8243; _module_preset=&#8221;default&#8221; global_colors_info=&#8221;{}&#8221;][\/et_pb_column][\/et_pb_row][\/et_pb_section][et_pb_section fb_built=&#8221;1&#8243; _builder_version=&#8221;4.16&#8243; _module_preset=&#8221;default&#8221; background_color=&#8221;#f9fafb&#8221; global_colors_info=&#8221;{}&#8221;][et_pb_row column_structure=&#8221;1_3,1_3,1_3&#8243; _builder_version=&#8221;4.19.4&#8243; _module_preset=&#8221;default&#8221; background_enable_image=&#8221;off&#8221; max_width=&#8221;80%&#8221; global_colors_info=&#8221;{}&#8221;][et_pb_column type=&#8221;1_3&#8243; _builder_version=&#8221;4.16&#8243; _module_preset=&#8221;default&#8221; background_image=&#8221;https:\/\/www.lolipharma.it\/en\/wp-content\/uploads\/2020\/11\/integratori-alimentari.jpg&#8221; link_option_url=&#8221;https:\/\/www.lolipharma.it\/en\/products\/&#8221; global_colors_info=&#8221;{}&#8221;][et_pb_text _builder_version=&#8221;4.16&#8243; _module_preset=&#8221;default&#8221; text_font=&#8221;Cabin|700|||||||&#8221; text_text_color=&#8221;#ffffff&#8221; text_font_size=&#8221;28px&#8221; header_2_text_align=&#8221;center&#8221; header_2_text_color=&#8221;#ffffff&#8221; custom_padding=&#8221;8vh||||false|false&#8221; global_colors_info=&#8221;{}&#8221;]<\/p>\n<h2>DIETARY SUPPLEMENTS<\/h2>\n<p>[\/et_pb_text][et_pb_button button_url=&#8221;\/en\/products\/&#8221; button_text=&#8221;All products&#8221; button_alignment=&#8221;center&#8221; _builder_version=&#8221;4.16&#8243; _module_preset=&#8221;default&#8221; custom_margin=&#8221;||8vh||false|false&#8221; custom_padding=&#8221;||||false|false&#8221; global_colors_info=&#8221;{}&#8221;][\/et_pb_button][\/et_pb_column][et_pb_column type=&#8221;1_3&#8243; _builder_version=&#8221;4.16&#8243; _module_preset=&#8221;default&#8221; background_image=&#8221;https:\/\/www.lolipharma.it\/en\/wp-content\/uploads\/2020\/11\/dispositivi-medici.jpg&#8221; link_option_url=&#8221;https:\/\/www.lolipharma.it\/en\/products\/&#8221; global_colors_info=&#8221;{}&#8221;][et_pb_text _builder_version=&#8221;4.16&#8243; _module_preset=&#8221;default&#8221; text_font=&#8221;Cabin|700|||||||&#8221; text_text_color=&#8221;#ffffff&#8221; text_font_size=&#8221;28px&#8221; header_text_align=&#8221;center&#8221; header_2_text_align=&#8221;center&#8221; header_2_text_color=&#8221;#ffffff&#8221; custom_margin=&#8221;8vh||||false|false&#8221; global_colors_info=&#8221;{}&#8221;]<\/p>\n<h2>MEDICAL DEVICES<\/h2>\n<p>[\/et_pb_text][et_pb_button button_url=&#8221;\/en\/products\/&#8221; button_text=&#8221;All products&#8221; button_alignment=&#8221;center&#8221; _builder_version=&#8221;4.19.4&#8243; _module_preset=&#8221;default&#8221; custom_margin=&#8221;||8vh||false|false&#8221; global_colors_info=&#8221;{}&#8221;][\/et_pb_button][\/et_pb_column][et_pb_column type=&#8221;1_3&#8243; _builder_version=&#8221;4.19.4&#8243; _module_preset=&#8221;default&#8221; background_image=&#8221;http:\/\/www.lolipharma.it\/en\/wp-content\/uploads\/2025\/01\/box_grigio_scuro.jpg&#8221; link_option_url=&#8221;https:\/\/www.lolipharma.it\/en\/products\/&#8221; global_colors_info=&#8221;{}&#8221;][et_pb_text _builder_version=&#8221;4.19.4&#8243; _module_preset=&#8221;default&#8221; text_font=&#8221;Cabin|700|||||||&#8221; text_text_color=&#8221;#ffffff&#8221; text_font_size=&#8221;28px&#8221; header_text_align=&#8221;center&#8221; header_2_text_align=&#8221;center&#8221; header_2_text_color=&#8221;#ffffff&#8221; custom_margin=&#8221;8vh||||false|false&#8221; global_colors_info=&#8221;{}&#8221;]<\/p>\n<h2>COSMETICS<\/h2>\n<p>[\/et_pb_text][et_pb_button button_url=&#8221;\/en\/products\/&#8221; button_text=&#8221;All products&#8221; button_alignment=&#8221;center&#8221; _builder_version=&#8221;4.19.4&#8243; _module_preset=&#8221;default&#8221; custom_margin=&#8221;||8vh||false|false&#8221; global_colors_info=&#8221;{}&#8221;][\/et_pb_button][\/et_pb_column][\/et_pb_row][\/et_pb_section][et_pb_section fb_built=&#8221;1&#8243; _builder_version=&#8221;4.7.4&#8243; _module_preset=&#8221;default&#8221; global_module=&#8221;5646&#8243; saved_tabs=&#8221;all&#8221; global_colors_info=&#8221;{}&#8221;][et_pb_row _builder_version=&#8221;4.16&#8243; _module_preset=&#8221;default&#8221; max_width=&#8221;80%&#8221; global_colors_info=&#8221;{}&#8221;][et_pb_column type=&#8221;4_4&#8243; _builder_version=&#8221;4.16&#8243; _module_preset=&#8221;default&#8221; global_colors_info=&#8221;{}&#8221;][et_pb_text _builder_version=&#8221;4.16&#8243; _module_preset=&#8221;default&#8221; global_colors_info=&#8221;{}&#8221;]<\/p>\n<h2>Insights<\/h2>\n<p>[\/et_pb_text][\/et_pb_column][\/et_pb_row][et_pb_row _builder_version=&#8221;4.16&#8243; _module_preset=&#8221;default&#8221; max_width=&#8221;80%&#8221; global_colors_info=&#8221;{}&#8221;][et_pb_column type=&#8221;4_4&#8243; _builder_version=&#8221;4.16&#8243; _module_preset=&#8221;default&#8221; global_colors_info=&#8221;{}&#8221;][et_pb_blog fullwidth=&#8221;off&#8221; posts_number=&#8221;3&#8243; include_categories=&#8221;6&#8243; excerpt_length=&#8221;200&#8243; show_author=&#8221;off&#8221; show_date=&#8221;off&#8221; show_categories=&#8221;off&#8221; _builder_version=&#8221;4.16&#8243; _module_preset=&#8221;default&#8221; global_colors_info=&#8221;{}&#8221;][\/et_pb_blog][\/et_pb_column][\/et_pb_row][\/et_pb_section]<\/p>\n","protected":false},"excerpt":{"rendered":"<p>Continous research brings us closer to peopleContinous research brings us closer to peopleLo.Li. Pharma We are an Italian company, based in Rome, involved in the development and marketing of medical devices and food supplements. Scientific research, know-how and quality have always been our hallmark and enabled us to pursue our most important goal which is [&hellip;]<\/p>\n","protected":false},"author":1,"featured_media":0,"parent":0,"menu_order":0,"comment_status":"closed","ping_status":"closed","template":"","meta":{"_acf_changed":false,"_et_pb_use_builder":"on","_et_pb_old_content":"<!-- wp:paragraph -->\n<p>Questa \u00e8 una pagina di esempio. Differisce da un articolo di un blog perch\u00e9 rimane sempre allo stesso posto e (in molti temi) appare nel menu di navigazione. Molte persone iniziano con una pagina di Informazioni che li presentano ai visitatori del sito. Potrebbe apparire una presentazione del tipo:<\/p>\n<!-- \/wp:paragraph -->\n\n<!-- wp:quote -->\n<blockquote class=\"wp-block-quote\"><p>Ciao! Sono un fattorino ciclista di giorno, aspirante attore di notte e questo \u00e8 il mio sito web. Vivo a Los Angeles, ho un grande cane di nome Jack e mi piace la pi\u00f1a colada. (E prendere la pioggia)<\/p><\/blockquote>\n<!-- \/wp:quote -->\n\n<!-- wp:paragraph -->\n<p>...o qualcosa di simile:<\/p>\n<!-- \/wp:paragraph -->\n\n<!-- wp:quote -->\n<blockquote class=\"wp-block-quote\"><p>La Societ\u00e0 XYZ Aggeggi \u00e8 stata fondata nel 1971 e da allora fornisce al pubblico aggeggi di ottima qualit\u00e0. Situata a Fantasilandia, XYZ impiega oltre 2.000 persone e realizza ogni sorta di aggeggio fantastico per la comunit\u00e0 di Fantasilandia.<\/p><\/blockquote>\n<!-- \/wp:quote -->\n\n<!-- wp:paragraph -->\n<p>Come nuovo utente di WordPress, dovresti andare nella tua <a href=\"http:\/\/www.lolipharma.it\/wp-admin\/\">Bacheca<\/a> per eliminare questa pagina, e crearne delle nuove per i tuoi contenuti. Divertiti!<\/p>\n<!-- \/wp:paragraph -->","_et_gb_content_width":"","footnotes":""},"class_list":["post-2","page","type-page","status-publish","hentry"],"acf":[],"yoast_head":"<!-- This site is optimized with the Yoast SEO plugin v25.6 - https:\/\/yoast.com\/wordpress\/plugins\/seo\/ -->\n<title>Lo.Li. Pharma: dietary supplements and medical devices - Lo.Li. Pharma<\/title>\n<meta name=\"description\" content=\"Lo.Li. Pharma is an Italian Company based in Rome, involved in the development and commercialization of Medical Devices and Food Supplements.\" \/>\n<meta name=\"robots\" content=\"index, follow, max-snippet:-1, max-image-preview:large, max-video-preview:-1\" \/>\n<link rel=\"canonical\" href=\"https:\/\/www.lolipharma.it\/en\/\" \/>\n<meta property=\"og:locale\" content=\"en_US\" \/>\n<meta property=\"og:type\" content=\"article\" \/>\n<meta property=\"og:title\" content=\"Lo.Li. Pharma: dietary supplements and medical devices - Lo.Li. Pharma\" \/>\n<meta property=\"og:description\" content=\"Lo.Li. Pharma is an Italian Company based in Rome, involved in the development and commercialization of Medical Devices and Food Supplements.\" \/>\n<meta property=\"og:url\" content=\"https:\/\/www.lolipharma.it\/en\/\" \/>\n<meta property=\"og:site_name\" content=\"Lo.Li. Pharma\" \/>\n<meta property=\"article:modified_time\" content=\"2025-09-01T12:56:24+00:00\" \/>\n<meta name=\"twitter:card\" content=\"summary_large_image\" \/>\n<meta name=\"twitter:label1\" content=\"Est. reading time\" \/>\n\t<meta name=\"twitter:data1\" content=\"8 minutes\" \/>\n<script type=\"application\/ld+json\" class=\"yoast-schema-graph\">{\"@context\":\"https:\/\/schema.org\",\"@graph\":[{\"@type\":\"WebPage\",\"@id\":\"https:\/\/www.lolipharma.it\/en\/\",\"url\":\"https:\/\/www.lolipharma.it\/en\/\",\"name\":\"Lo.Li. Pharma: dietary supplements and medical devices - Lo.Li. Pharma\",\"isPartOf\":{\"@id\":\"https:\/\/www.lolipharma.it\/en\/#website\"},\"datePublished\":\"2020-11-06T22:36:43+00:00\",\"dateModified\":\"2025-09-01T12:56:24+00:00\",\"description\":\"Lo.Li. Pharma is an Italian Company based in Rome, involved in the development and commercialization of Medical Devices and Food Supplements.\",\"breadcrumb\":{\"@id\":\"https:\/\/www.lolipharma.it\/en\/#breadcrumb\"},\"inLanguage\":\"en-US\",\"potentialAction\":[{\"@type\":\"ReadAction\",\"target\":[\"https:\/\/www.lolipharma.it\/en\/\"]}]},{\"@type\":\"BreadcrumbList\",\"@id\":\"https:\/\/www.lolipharma.it\/en\/#breadcrumb\",\"itemListElement\":[{\"@type\":\"ListItem\",\"position\":1,\"name\":\"Home\",\"item\":\"https:\/\/www.lolipharma.it\/en\/\"},{\"@type\":\"ListItem\",\"position\":2,\"name\":\"Home\"}]},{\"@type\":\"WebSite\",\"@id\":\"https:\/\/www.lolipharma.it\/en\/#website\",\"url\":\"https:\/\/www.lolipharma.it\/en\/\",\"name\":\"Lo.Li. Pharma\",\"description\":\"Medical Devices and Dietary Supplements\",\"publisher\":{\"@id\":\"https:\/\/www.lolipharma.it\/en\/#organization\"},\"potentialAction\":[{\"@type\":\"SearchAction\",\"target\":{\"@type\":\"EntryPoint\",\"urlTemplate\":\"https:\/\/www.lolipharma.it\/en\/?s={search_term_string}\"},\"query-input\":{\"@type\":\"PropertyValueSpecification\",\"valueRequired\":true,\"valueName\":\"search_term_string\"}}],\"inLanguage\":\"en-US\"},{\"@type\":\"Organization\",\"@id\":\"https:\/\/www.lolipharma.it\/en\/#organization\",\"name\":\"Lo.Li. Pharma\",\"url\":\"https:\/\/www.lolipharma.it\/en\/\",\"logo\":{\"@type\":\"ImageObject\",\"inLanguage\":\"en-US\",\"@id\":\"https:\/\/www.lolipharma.it\/en\/#\/schema\/logo\/image\/\",\"url\":\"https:\/\/www.lolipharma.it\/en\/wp-content\/uploads\/2020\/11\/LoLi-pharma-logo.png\",\"contentUrl\":\"https:\/\/www.lolipharma.it\/en\/wp-content\/uploads\/2020\/11\/LoLi-pharma-logo.png\",\"width\":232,\"height\":80,\"caption\":\"Lo.Li. Pharma\"},\"image\":{\"@id\":\"https:\/\/www.lolipharma.it\/en\/#\/schema\/logo\/image\/\"}}]}<\/script>\n<!-- \/ Yoast SEO plugin. -->","yoast_head_json":{"title":"Lo.Li. Pharma: dietary supplements and medical devices - Lo.Li. Pharma","description":"Lo.Li. Pharma is an Italian Company based in Rome, involved in the development and commercialization of Medical Devices and Food Supplements.","robots":{"index":"index","follow":"follow","max-snippet":"max-snippet:-1","max-image-preview":"max-image-preview:large","max-video-preview":"max-video-preview:-1"},"canonical":"https:\/\/www.lolipharma.it\/en\/","og_locale":"en_US","og_type":"article","og_title":"Lo.Li. Pharma: dietary supplements and medical devices - Lo.Li. Pharma","og_description":"Lo.Li. Pharma is an Italian Company based in Rome, involved in the development and commercialization of Medical Devices and Food Supplements.","og_url":"https:\/\/www.lolipharma.it\/en\/","og_site_name":"Lo.Li. Pharma","article_modified_time":"2025-09-01T12:56:24+00:00","twitter_card":"summary_large_image","twitter_misc":{"Est. reading time":"8 minutes"},"schema":{"@context":"https:\/\/schema.org","@graph":[{"@type":"WebPage","@id":"https:\/\/www.lolipharma.it\/en\/","url":"https:\/\/www.lolipharma.it\/en\/","name":"Lo.Li. Pharma: dietary supplements and medical devices - Lo.Li. Pharma","isPartOf":{"@id":"https:\/\/www.lolipharma.it\/en\/#website"},"datePublished":"2020-11-06T22:36:43+00:00","dateModified":"2025-09-01T12:56:24+00:00","description":"Lo.Li. Pharma is an Italian Company based in Rome, involved in the development and commercialization of Medical Devices and Food Supplements.","breadcrumb":{"@id":"https:\/\/www.lolipharma.it\/en\/#breadcrumb"},"inLanguage":"en-US","potentialAction":[{"@type":"ReadAction","target":["https:\/\/www.lolipharma.it\/en\/"]}]},{"@type":"BreadcrumbList","@id":"https:\/\/www.lolipharma.it\/en\/#breadcrumb","itemListElement":[{"@type":"ListItem","position":1,"name":"Home","item":"https:\/\/www.lolipharma.it\/en\/"},{"@type":"ListItem","position":2,"name":"Home"}]},{"@type":"WebSite","@id":"https:\/\/www.lolipharma.it\/en\/#website","url":"https:\/\/www.lolipharma.it\/en\/","name":"Lo.Li. Pharma","description":"Medical Devices and Dietary Supplements","publisher":{"@id":"https:\/\/www.lolipharma.it\/en\/#organization"},"potentialAction":[{"@type":"SearchAction","target":{"@type":"EntryPoint","urlTemplate":"https:\/\/www.lolipharma.it\/en\/?s={search_term_string}"},"query-input":{"@type":"PropertyValueSpecification","valueRequired":true,"valueName":"search_term_string"}}],"inLanguage":"en-US"},{"@type":"Organization","@id":"https:\/\/www.lolipharma.it\/en\/#organization","name":"Lo.Li. Pharma","url":"https:\/\/www.lolipharma.it\/en\/","logo":{"@type":"ImageObject","inLanguage":"en-US","@id":"https:\/\/www.lolipharma.it\/en\/#\/schema\/logo\/image\/","url":"https:\/\/www.lolipharma.it\/en\/wp-content\/uploads\/2020\/11\/LoLi-pharma-logo.png","contentUrl":"https:\/\/www.lolipharma.it\/en\/wp-content\/uploads\/2020\/11\/LoLi-pharma-logo.png","width":232,"height":80,"caption":"Lo.Li. Pharma"},"image":{"@id":"https:\/\/www.lolipharma.it\/en\/#\/schema\/logo\/image\/"}}]}},"_links":{"self":[{"href":"https:\/\/www.lolipharma.it\/en\/wp-json\/wp\/v2\/pages\/2","targetHints":{"allow":["GET"]}}],"collection":[{"href":"https:\/\/www.lolipharma.it\/en\/wp-json\/wp\/v2\/pages"}],"about":[{"href":"https:\/\/www.lolipharma.it\/en\/wp-json\/wp\/v2\/types\/page"}],"author":[{"embeddable":true,"href":"https:\/\/www.lolipharma.it\/en\/wp-json\/wp\/v2\/users\/1"}],"replies":[{"embeddable":true,"href":"https:\/\/www.lolipharma.it\/en\/wp-json\/wp\/v2\/comments?post=2"}],"version-history":[{"count":4,"href":"https:\/\/www.lolipharma.it\/en\/wp-json\/wp\/v2\/pages\/2\/revisions"}],"predecessor-version":[{"id":5880,"href":"https:\/\/www.lolipharma.it\/en\/wp-json\/wp\/v2\/pages\/2\/revisions\/5880"}],"wp:attachment":[{"href":"https:\/\/www.lolipharma.it\/en\/wp-json\/wp\/v2\/media?parent=2"}],"curies":[{"name":"wp","href":"https:\/\/api.w.org\/{rel}","templated":true}]}}