{"id":197,"date":"2020-11-12T14:17:11","date_gmt":"2020-11-12T13:17:11","guid":{"rendered":"http:\/\/lolipharma.cloudfactory.it\/?page_id=197"},"modified":"2020-12-07T09:49:49","modified_gmt":"2020-12-07T08:49:49","slug":"research-development","status":"publish","type":"page","link":"https:\/\/www.lolipharma.it\/en\/research-development\/","title":{"rendered":"R&#038;D"},"content":{"rendered":"\n[et_pb_section fb_built=&#8221;1&#8243; module_class=&#8221;x-header-aree&#8221; _builder_version=&#8221;4.7.4&#8243; _module_preset=&#8221;default&#8221; background_image=&#8221;https:\/\/www.lolipharma.it\/en\/wp-content\/uploads\/2020\/11\/ricerca-sviluppo-lolipharma.jpg&#8221;][et_pb_row _builder_version=&#8221;4.6.6&#8243; _module_preset=&#8221;default&#8221; max_width=&#8221;80%&#8221;][et_pb_column type=&#8221;4_4&#8243; _builder_version=&#8221;4.6.6&#8243; _module_preset=&#8221;default&#8221;][et_pb_text _builder_version=&#8221;4.7.3&#8243; _module_preset=&#8221;default&#8221; header_text_color=&#8221;#ffffff&#8221; header_text_shadow_style=&#8221;preset3&#8243;]<h1>Research and development<\/h1>[\/et_pb_text][\/et_pb_column][\/et_pb_row][\/et_pb_section][et_pb_section fb_built=&#8221;1&#8243; module_class=&#8221;x-header-breadcrumb&#8221; _builder_version=&#8221;4.6.6&#8243; _module_preset=&#8221;default&#8221; background_color=&#8221;#213d71&#8243; custom_margin=&#8221;0px||0px||false|false&#8221; custom_padding=&#8221;0px||0px||false|false&#8221;][et_pb_row module_class=&#8221;x-breadcrumb&#8221; _builder_version=&#8221;4.6.6&#8243; _module_preset=&#8221;default&#8221; max_width=&#8221;80%&#8221; custom_margin=&#8221;0px||0px||false|false&#8221; custom_padding=&#8221;5px||5px||false|false&#8221;][et_pb_column type=&#8221;4_4&#8243; _builder_version=&#8221;4.6.6&#8243; _module_preset=&#8221;default&#8221;][et_pb_text _builder_version=&#8221;4.7.4&#8243; _module_preset=&#8221;default&#8221; text_text_color=&#8221;#ffffff&#8221;]<span><span><a href=\"https:\/\/www.lolipharma.it\/en\/\">Home<\/a><\/span><\/span>[\/et_pb_text][\/et_pb_column][\/et_pb_row][\/et_pb_section][et_pb_section fb_built=&#8221;1&#8243; _builder_version=&#8221;4.6.6&#8243; _module_preset=&#8221;default&#8221;][et_pb_row column_structure=&#8221;1_2,1_2&#8243; use_custom_gutter=&#8221;on&#8221; gutter_width=&#8221;1&#8243; make_equal=&#8221;on&#8221; module_class=&#8221;xu-invert-columns-on-mobile&#8221; _builder_version=&#8221;4.7.4&#8243; _module_preset=&#8221;default&#8221; width=&#8221;90%&#8221; max_width=&#8221;90%&#8221;][et_pb_column type=&#8221;1_2&#8243; _builder_version=&#8221;4.6.6&#8243; _module_preset=&#8221;default&#8221; custom_css_main_element=&#8221;margin:auto;&#8221;][et_pb_text _builder_version=&#8221;4.7.4&#8243; _module_preset=&#8221;default&#8221; background_color=&#8221;#f9fafb&#8221; transform_scale_tablet=&#8221;&#8221; transform_scale_phone=&#8221;&#8221; transform_scale_last_edited=&#8221;on|desktop&#8221; transform_scale_linked=&#8221;off&#8221; transform_translate=&#8221;20%|0px&#8221; transform_translate_tablet=&#8221;0%|0px&#8221; transform_translate_phone=&#8221;&#8221; transform_translate_last_edited=&#8221;on|phone&#8221; transform_translate_linked=&#8221;off&#8221; transform_rotate_tablet=&#8221;&#8221; transform_rotate_phone=&#8221;&#8221; transform_rotate_last_edited=&#8221;on|desktop&#8221; transform_skew_tablet=&#8221;&#8221; transform_skew_phone=&#8221;&#8221; transform_skew_last_edited=&#8221;on|desktop&#8221; transform_origin=&#8221;0%|50%&#8221; transform_origin_tablet=&#8221;&#8221; transform_origin_phone=&#8221;&#8221; transform_origin_last_edited=&#8221;on|desktop&#8221; transform_styles_last_edited=&#8221;on|phone&#8221; z_index=&#8221;500&#8243; width=&#8221;100%&#8221; custom_margin=&#8221;||||false|false&#8221; custom_padding=&#8221;20px|40px|20px|40px|false|false&#8221; transform_styles_tablet=&#8221;&#8221; transform_styles_phone=&#8221;&#8221;]<p>The constant search for new properties and functions of natural molecules is the element with which R&amp;D Lo.Li. Pharma fuels innovation.<\/p>\n<p>Thanks to our team of biologists and pharmaceutical chemists, we mange many projects in collaboration with public and private entities such as universities, hospitals and clinics.<\/p>\n<p>The nutraceutical and medical sector has experienced significant growth in recent years, the result of the greater attention of the medical-scientific community to the role of nutrition in determining the health and well-being of the individual.<\/p>\n<p>Professionalism and training are the basis of our work. For this reason, safety and effectiveness of our formulations are guaranteed by continuous pre-clinical and clinical studies on the products.<\/p>\n<p>In this context, our distinctive feature is the attention we have always paid to research programs and dissemination of our findings towards healthcare professionals through publications in specialist journals, as well as participation in international, national and regional congresses.<\/p>[\/et_pb_text][\/et_pb_column][et_pb_column type=&#8221;1_2&#8243; _builder_version=&#8221;4.6.6&#8243; _module_preset=&#8221;default&#8221; z_index=&#8221;1&#8243; custom_css_main_element=&#8221;margin:auto;\t\t&#8220;][et_pb_image src=&#8221;https:\/\/www.lolipharma.it\/en\/wp-content\/uploads\/2020\/11\/ricerca-sviluppo-presentazione.jpg&#8221; alt=&#8221;ricerca ginecologia e fertilit\u00e0 femminile&#8221; title_text=&#8221;ricerca-sviluppo-presentazione&#8221; _builder_version=&#8221;4.7.4&#8243; _module_preset=&#8221;default&#8221; z_index=&#8221;-500&#8243;][\/et_pb_image][\/et_pb_column][\/et_pb_row][\/et_pb_section][et_pb_section fb_built=&#8221;1&#8243; _builder_version=&#8221;4.7.4&#8243; _module_preset=&#8221;default&#8221;][et_pb_row _builder_version=&#8221;4.6.6&#8243; _module_preset=&#8221;default&#8221; max_width=&#8221;80%&#8221;][et_pb_column type=&#8221;4_4&#8243; _builder_version=&#8221;4.6.6&#8243; _module_preset=&#8221;default&#8221;][et_pb_text _builder_version=&#8221;4.6.6&#8243; _module_preset=&#8221;default&#8221;]<h2>Therapeutic areas<\/h2>[\/et_pb_text][\/et_pb_column][\/et_pb_row][et_pb_row column_structure=&#8221;1_3,1_3,1_3&#8243; use_custom_gutter=&#8221;on&#8221; gutter_width=&#8221;4&#8243; _builder_version=&#8221;4.7.4&#8243; _module_preset=&#8221;default&#8221; max_width=&#8221;80%&#8221;][et_pb_column type=&#8221;1_3&#8243; _builder_version=&#8221;4.7.4&#8243; _module_preset=&#8221;default&#8221;][et_pb_blurb title=&#8221;Female fertility&#8221; image=&#8221;https:\/\/www.lolipharma.it\/en\/wp-content\/uploads\/2020\/11\/fertilita-femminile-1.png&#8221; alt=&#8221;fertilit\u00e0 femminile&#8221; module_class=&#8221;x-blurb-aree-terapeutiche&#8221; _builder_version=&#8221;4.7.4&#8243; _module_preset=&#8221;default&#8221; background_color=&#8221;#8e2d77&#8243; link_option_url=&#8221;\/en\/female-fertility\/&#8221;][\/et_pb_blurb][\/et_pb_column][et_pb_column type=&#8221;1_3&#8243; _builder_version=&#8221;4.7.4&#8243; _module_preset=&#8221;default&#8221;][et_pb_blurb title=&#8221;Gynaecology and Obstetrics&#8221; image=&#8221;https:\/\/www.lolipharma.it\/en\/wp-content\/uploads\/2020\/11\/ginecologia-ostetricia.png&#8221; alt=&#8221;fertilit\u00e0 femminile&#8221; module_class=&#8221;x-blurb-aree-terapeutiche&#8221; _builder_version=&#8221;4.7.4&#8243; _module_preset=&#8221;default&#8221; background_color=&#8221;#d07cb1&#8243; link_option_url=&#8221;\/en\/gynaecology-obstetrics&#8221;][\/et_pb_blurb][\/et_pb_column][et_pb_column type=&#8221;1_3&#8243; _builder_version=&#8221;4.7.4&#8243; _module_preset=&#8221;default&#8221;][et_pb_blurb title=&#8221; Male Fertility and Andrology&#8221; image=&#8221;https:\/\/www.lolipharma.it\/en\/wp-content\/uploads\/2020\/11\/andrologia-fertilita-maschile.png&#8221; module_class=&#8221;x-blurb-aree-terapeutiche&#8221; _builder_version=&#8221;4.7.4&#8243; _module_preset=&#8221;default&#8221; background_color=&#8221;#00a3b8&#8243; link_option_url=&#8221;\/en\/male-fertility-andrology\/&#8221;][\/et_pb_blurb][\/et_pb_column][\/et_pb_row][et_pb_row column_structure=&#8221;1_3,1_3,1_3&#8243; use_custom_gutter=&#8221;on&#8221; gutter_width=&#8221;4&#8243; _builder_version=&#8221;4.7.4&#8243; _module_preset=&#8221;default&#8221; max_width=&#8221;80%&#8221;][et_pb_column type=&#8221;1_3&#8243; _builder_version=&#8221;4.7.4&#8243; _module_preset=&#8221;default&#8221;][et_pb_blurb title=&#8221;Endocrinology&#8221; image=&#8221;https:\/\/www.lolipharma.it\/en\/wp-content\/uploads\/2020\/11\/endocriologia.png&#8221; module_class=&#8221;x-blurb-aree-terapeutiche&#8221; _builder_version=&#8221;4.7.4&#8243; _module_preset=&#8221;default&#8221; background_color=&#8221;#c5d205&#8243; link_option_url=&#8221;\/en\/endocrinology\/&#8221;][\/et_pb_blurb][\/et_pb_column][et_pb_column type=&#8221;1_3&#8243; _builder_version=&#8221;4.7.4&#8243; _module_preset=&#8221;default&#8221;][et_pb_blurb title=&#8221;Urology&#8221; image=&#8221;https:\/\/www.lolipharma.it\/en\/wp-content\/uploads\/2020\/11\/urologia.png&#8221; module_class=&#8221;x-blurb-aree-terapeutiche&#8221; _builder_version=&#8221;4.7.4&#8243; _module_preset=&#8221;default&#8221; background_color=&#8221;#fcc124&#8243; link_option_url=&#8221;\/en\/urology\/&#8221;][\/et_pb_blurb][\/et_pb_column][et_pb_column type=&#8221;1_3&#8243; _builder_version=&#8221;4.7.4&#8243; _module_preset=&#8221;default&#8221;][\/et_pb_column][\/et_pb_row][\/et_pb_section][et_pb_section fb_built=&#8221;1&#8243; _builder_version=&#8221;4.6.6&#8243; _module_preset=&#8221;default&#8221; custom_padding=&#8221;||0px|||&#8221;][et_pb_row _builder_version=&#8221;4.6.6&#8243; _module_preset=&#8221;default&#8221; width=&#8221;100%&#8221; max_width=&#8221;100%&#8221;][et_pb_column type=&#8221;4_4&#8243; _builder_version=&#8221;4.6.6&#8243; _module_preset=&#8221;default&#8221;][et_pb_divider color=&#8221;#000000&#8243; _builder_version=&#8221;4.6.6&#8243; _module_preset=&#8221;default&#8221; width=&#8221;100%&#8221; max_width=&#8221;100%&#8221;][\/et_pb_divider][\/et_pb_column][\/et_pb_row][\/et_pb_section][et_pb_section fb_built=&#8221;1&#8243; _builder_version=&#8221;4.6.6&#8243; _module_preset=&#8221;default&#8221;][et_pb_row _builder_version=&#8221;4.6.6&#8243; _module_preset=&#8221;default&#8221; max_width=&#8221;80%&#8221;][et_pb_column type=&#8221;4_4&#8243; _builder_version=&#8221;4.6.6&#8243; _module_preset=&#8221;default&#8221;][et_pb_text _builder_version=&#8221;4.6.6&#8243; _module_preset=&#8221;default&#8221;]<h2>Insights<\/h2>[\/et_pb_text][et_pb_blog fullwidth=&#8221;off&#8221; posts_number=&#8221;3&#8243; include_categories=&#8221;6&#8243; show_author=&#8221;off&#8221; show_date=&#8221;off&#8221; show_categories=&#8221;off&#8221; show_pagination=&#8221;off&#8221; _builder_version=&#8221;4.6.6&#8243; _module_preset=&#8221;default&#8221;][\/et_pb_blog][\/et_pb_column][\/et_pb_row][\/et_pb_section]\n","protected":false},"excerpt":{"rendered":"<p>Research and development<span><span><a href=\"https:\/\/www.lolipharma.it\/en\/\">Home<\/a><\/span><\/span>The constant search for new properties and functions of natural molecules is the element with which R&amp;D Lo.Li. Pharma fuels innovation. Thanks to our team of biologists and pharmaceutical chemists, we mange many projects in collaboration with public and private entities such as universities, hospitals and clinics. The nutraceutical and medical sector has [&hellip;]<\/p>\n","protected":false},"author":1,"featured_media":0,"parent":0,"menu_order":0,"comment_status":"closed","ping_status":"closed","template":"","meta":{"_acf_changed":false,"_et_pb_use_builder":"on","_et_pb_old_content":"<!-- wp:paragraph -->\n<p>Questa \u00e8 una pagina di esempio. Differisce da un articolo di un blog perch\u00e9 rimane sempre allo stesso posto e (in molti temi) appare nel menu di navigazione. Molte persone iniziano con una pagina di Informazioni che li presentano ai visitatori del sito. Potrebbe apparire una presentazione del tipo:<\/p>\n<!-- \/wp:paragraph -->\n\n<!-- wp:quote -->\n<blockquote class=\"wp-block-quote\"><p>Ciao! Sono un fattorino ciclista di giorno, aspirante attore di notte e questo \u00e8 il mio sito web. Vivo a Los Angeles, ho un grande cane di nome Jack e mi piace la pi\u00f1a colada. (E prendere la pioggia)<\/p><\/blockquote>\n<!-- \/wp:quote -->\n\n<!-- wp:paragraph -->\n<p>...o qualcosa di simile:<\/p>\n<!-- \/wp:paragraph -->\n\n<!-- wp:quote -->\n<blockquote class=\"wp-block-quote\"><p>La Societ\u00e0 XYZ Aggeggi \u00e8 stata fondata nel 1971 e da allora fornisce al pubblico aggeggi di ottima qualit\u00e0. Situata a Fantasilandia, XYZ impiega oltre 2.000 persone e realizza ogni sorta di aggeggio fantastico per la comunit\u00e0 di Fantasilandia.<\/p><\/blockquote>\n<!-- \/wp:quote -->\n\n<!-- wp:paragraph -->\n<p>Come nuovo utente di WordPress, dovresti andare nella tua <a href=\"http:\/\/www.lolipharma.it\/wp-admin\/\">Bacheca<\/a> per eliminare questa pagina, e crearne delle nuove per i tuoi contenuti. Divertiti!<\/p>\n<!-- \/wp:paragraph -->","_et_gb_content_width":"","footnotes":""},"class_list":["post-197","page","type-page","status-publish","hentry"],"acf":[],"yoast_head":"<!-- This site is optimized with the Yoast SEO plugin v25.6 - https:\/\/yoast.com\/wordpress\/plugins\/seo\/ -->\n<title>Research and Development department - Lo.Li. Pharma<\/title>\n<meta name=\"description\" content=\"The search for new properties and functions of natural molecules is the element with which the R&amp;D Lo.Li. Pharma fuels innovation.\" \/>\n<meta name=\"robots\" content=\"index, follow, max-snippet:-1, max-image-preview:large, max-video-preview:-1\" \/>\n<link rel=\"canonical\" href=\"https:\/\/www.lolipharma.it\/en\/research-development\/\" \/>\n<meta property=\"og:locale\" content=\"en_US\" \/>\n<meta property=\"og:type\" content=\"article\" \/>\n<meta property=\"og:title\" content=\"Research and Development department - Lo.Li. Pharma\" \/>\n<meta property=\"og:description\" content=\"The search for new properties and functions of natural molecules is the element with which the R&amp;D Lo.Li. Pharma fuels innovation.\" \/>\n<meta property=\"og:url\" content=\"https:\/\/www.lolipharma.it\/en\/research-development\/\" \/>\n<meta property=\"og:site_name\" content=\"Lo.Li. Pharma\" \/>\n<meta property=\"article:modified_time\" content=\"2020-12-07T08:49:49+00:00\" \/>\n<meta name=\"twitter:card\" content=\"summary_large_image\" \/>\n<meta name=\"twitter:label1\" content=\"Est. reading time\" \/>\n\t<meta name=\"twitter:data1\" content=\"5 minutes\" \/>\n<script type=\"application\/ld+json\" class=\"yoast-schema-graph\">{\"@context\":\"https:\/\/schema.org\",\"@graph\":[{\"@type\":\"WebPage\",\"@id\":\"https:\/\/www.lolipharma.it\/en\/research-development\/\",\"url\":\"https:\/\/www.lolipharma.it\/en\/research-development\/\",\"name\":\"Research and Development department - Lo.Li. Pharma\",\"isPartOf\":{\"@id\":\"https:\/\/www.lolipharma.it\/en\/#website\"},\"datePublished\":\"2020-11-12T13:17:11+00:00\",\"dateModified\":\"2020-12-07T08:49:49+00:00\",\"description\":\"The search for new properties and functions of natural molecules is the element with which the R&D Lo.Li. Pharma fuels innovation.\",\"breadcrumb\":{\"@id\":\"https:\/\/www.lolipharma.it\/en\/research-development\/#breadcrumb\"},\"inLanguage\":\"en-US\",\"potentialAction\":[{\"@type\":\"ReadAction\",\"target\":[\"https:\/\/www.lolipharma.it\/en\/research-development\/\"]}]},{\"@type\":\"BreadcrumbList\",\"@id\":\"https:\/\/www.lolipharma.it\/en\/research-development\/#breadcrumb\",\"itemListElement\":[{\"@type\":\"ListItem\",\"position\":1,\"name\":\"Home\",\"item\":\"https:\/\/www.lolipharma.it\/en\/\"},{\"@type\":\"ListItem\",\"position\":2,\"name\":\"R&#038;D\"}]},{\"@type\":\"WebSite\",\"@id\":\"https:\/\/www.lolipharma.it\/en\/#website\",\"url\":\"https:\/\/www.lolipharma.it\/en\/\",\"name\":\"Lo.Li. Pharma\",\"description\":\"Medical Devices and Dietary Supplements\",\"publisher\":{\"@id\":\"https:\/\/www.lolipharma.it\/en\/#organization\"},\"potentialAction\":[{\"@type\":\"SearchAction\",\"target\":{\"@type\":\"EntryPoint\",\"urlTemplate\":\"https:\/\/www.lolipharma.it\/en\/?s={search_term_string}\"},\"query-input\":{\"@type\":\"PropertyValueSpecification\",\"valueRequired\":true,\"valueName\":\"search_term_string\"}}],\"inLanguage\":\"en-US\"},{\"@type\":\"Organization\",\"@id\":\"https:\/\/www.lolipharma.it\/en\/#organization\",\"name\":\"Lo.Li. Pharma\",\"url\":\"https:\/\/www.lolipharma.it\/en\/\",\"logo\":{\"@type\":\"ImageObject\",\"inLanguage\":\"en-US\",\"@id\":\"https:\/\/www.lolipharma.it\/en\/#\/schema\/logo\/image\/\",\"url\":\"https:\/\/www.lolipharma.it\/en\/wp-content\/uploads\/2020\/11\/LoLi-pharma-logo.png\",\"contentUrl\":\"https:\/\/www.lolipharma.it\/en\/wp-content\/uploads\/2020\/11\/LoLi-pharma-logo.png\",\"width\":232,\"height\":80,\"caption\":\"Lo.Li. Pharma\"},\"image\":{\"@id\":\"https:\/\/www.lolipharma.it\/en\/#\/schema\/logo\/image\/\"}}]}<\/script>\n<!-- \/ Yoast SEO plugin. -->","yoast_head_json":{"title":"Research and Development department - Lo.Li. Pharma","description":"The search for new properties and functions of natural molecules is the element with which the R&D Lo.Li. Pharma fuels innovation.","robots":{"index":"index","follow":"follow","max-snippet":"max-snippet:-1","max-image-preview":"max-image-preview:large","max-video-preview":"max-video-preview:-1"},"canonical":"https:\/\/www.lolipharma.it\/en\/research-development\/","og_locale":"en_US","og_type":"article","og_title":"Research and Development department - Lo.Li. Pharma","og_description":"The search for new properties and functions of natural molecules is the element with which the R&D Lo.Li. Pharma fuels innovation.","og_url":"https:\/\/www.lolipharma.it\/en\/research-development\/","og_site_name":"Lo.Li. Pharma","article_modified_time":"2020-12-07T08:49:49+00:00","twitter_card":"summary_large_image","twitter_misc":{"Est. reading time":"5 minutes"},"schema":{"@context":"https:\/\/schema.org","@graph":[{"@type":"WebPage","@id":"https:\/\/www.lolipharma.it\/en\/research-development\/","url":"https:\/\/www.lolipharma.it\/en\/research-development\/","name":"Research and Development department - Lo.Li. Pharma","isPartOf":{"@id":"https:\/\/www.lolipharma.it\/en\/#website"},"datePublished":"2020-11-12T13:17:11+00:00","dateModified":"2020-12-07T08:49:49+00:00","description":"The search for new properties and functions of natural molecules is the element with which the R&D Lo.Li. Pharma fuels innovation.","breadcrumb":{"@id":"https:\/\/www.lolipharma.it\/en\/research-development\/#breadcrumb"},"inLanguage":"en-US","potentialAction":[{"@type":"ReadAction","target":["https:\/\/www.lolipharma.it\/en\/research-development\/"]}]},{"@type":"BreadcrumbList","@id":"https:\/\/www.lolipharma.it\/en\/research-development\/#breadcrumb","itemListElement":[{"@type":"ListItem","position":1,"name":"Home","item":"https:\/\/www.lolipharma.it\/en\/"},{"@type":"ListItem","position":2,"name":"R&#038;D"}]},{"@type":"WebSite","@id":"https:\/\/www.lolipharma.it\/en\/#website","url":"https:\/\/www.lolipharma.it\/en\/","name":"Lo.Li. Pharma","description":"Medical Devices and Dietary Supplements","publisher":{"@id":"https:\/\/www.lolipharma.it\/en\/#organization"},"potentialAction":[{"@type":"SearchAction","target":{"@type":"EntryPoint","urlTemplate":"https:\/\/www.lolipharma.it\/en\/?s={search_term_string}"},"query-input":{"@type":"PropertyValueSpecification","valueRequired":true,"valueName":"search_term_string"}}],"inLanguage":"en-US"},{"@type":"Organization","@id":"https:\/\/www.lolipharma.it\/en\/#organization","name":"Lo.Li. Pharma","url":"https:\/\/www.lolipharma.it\/en\/","logo":{"@type":"ImageObject","inLanguage":"en-US","@id":"https:\/\/www.lolipharma.it\/en\/#\/schema\/logo\/image\/","url":"https:\/\/www.lolipharma.it\/en\/wp-content\/uploads\/2020\/11\/LoLi-pharma-logo.png","contentUrl":"https:\/\/www.lolipharma.it\/en\/wp-content\/uploads\/2020\/11\/LoLi-pharma-logo.png","width":232,"height":80,"caption":"Lo.Li. Pharma"},"image":{"@id":"https:\/\/www.lolipharma.it\/en\/#\/schema\/logo\/image\/"}}]}},"_links":{"self":[{"href":"https:\/\/www.lolipharma.it\/en\/wp-json\/wp\/v2\/pages\/197","targetHints":{"allow":["GET"]}}],"collection":[{"href":"https:\/\/www.lolipharma.it\/en\/wp-json\/wp\/v2\/pages"}],"about":[{"href":"https:\/\/www.lolipharma.it\/en\/wp-json\/wp\/v2\/types\/page"}],"author":[{"embeddable":true,"href":"https:\/\/www.lolipharma.it\/en\/wp-json\/wp\/v2\/users\/1"}],"replies":[{"embeddable":true,"href":"https:\/\/www.lolipharma.it\/en\/wp-json\/wp\/v2\/comments?post=197"}],"version-history":[{"count":0,"href":"https:\/\/www.lolipharma.it\/en\/wp-json\/wp\/v2\/pages\/197\/revisions"}],"wp:attachment":[{"href":"https:\/\/www.lolipharma.it\/en\/wp-json\/wp\/v2\/media?parent=197"}],"curies":[{"name":"wp","href":"https:\/\/api.w.org\/{rel}","templated":true}]}}